{"id":11,"date":"2023-07-27T15:22:08","date_gmt":"2023-07-27T13:22:08","guid":{"rendered":"http:\/\/website.rgconseils.fr\/rj174406-ovh\/?page_id=11"},"modified":"2023-10-04T15:01:18","modified_gmt":"2023-10-04T13:01:18","slug":"contact","status":"publish","type":"page","link":"https:\/\/website.rgconseils.fr\/rj174406-ovh\/contact\/","title":{"rendered":"Contact"},"content":{"rendered":"\n<p>Vous souhaitez un renseignement, une demande de tarif sur nos prestations ou postuler \u00e0 une de nos offres d&#8217;emploi ? Contactez nous pour toute demande !<br><br>Vous pouvez nous envoyer un e-mail \u00e0 l\u2019aide du formulaire (nous vous r\u00e9pondons dans les meilleurs d\u00e9lais).<br><br>Vos coordonn\u00e9es ne sont conserv\u00e9es uniquement que dans le cadre du traitement de votre demande, en accord avec notre\u00a0<a href=\"https:\/\/website.rgconseils.fr\/rj174406-ovh\/politique-de-confidentialite\/\">politique de confidentialit\u00e9<\/a>.<\/p>\n\n\n<div class=\"wpforms-container wpforms-container-full wpforms-block wpforms-block-2ee7ea84-95cd-4ce8-a033-74c8ceba6063 wpforms-render-modern\" id=\"wpforms-25\"><form id=\"wpforms-form-25\" class=\"wpforms-validate wpforms-form wpforms-ajax-form\" data-formid=\"25\" method=\"post\" enctype=\"multipart\/form-data\" action=\"\/rj174406-ovh\/wp-json\/wp\/v2\/pages\/11\" data-token=\"b15cc32a9e01cabf6c1373dc36135155\" data-token-time=\"1778929854\"><noscript class=\"wpforms-error-noscript\">Veuillez activer JavaScript dans votre navigateur pour remplir ce formulaire.<\/noscript><div class=\"wpforms-hidden\" id=\"wpforms-error-noscript\">Veuillez activer JavaScript dans votre navigateur pour remplir ce formulaire.<\/div><div class=\"wpforms-field-container\"><div id=\"wpforms-25-field_0-container\" class=\"wpforms-field wpforms-field-name\" data-field-id=\"0\"><label class=\"wpforms-field-label\" for=\"wpforms-25-field_0\">Nom <span class=\"wpforms-required-label\" aria-hidden=\"true\">*<\/span><\/label><input type=\"text\" id=\"wpforms-25-field_0\" class=\"wpforms-field-medium wpforms-field-required\" name=\"wpforms[fields][0]\" aria-errormessage=\"wpforms-25-field_0-error\" required><\/div><div id=\"wpforms-25-field_1-container\" class=\"wpforms-field wpforms-field-email\" data-field-id=\"1\"><label class=\"wpforms-field-label\" for=\"wpforms-25-field_1\">E-mail <span class=\"wpforms-required-label\" aria-hidden=\"true\">*<\/span><\/label><input type=\"email\" id=\"wpforms-25-field_1\" class=\"wpforms-field-medium wpforms-field-required\" name=\"wpforms[fields][1]\" spellcheck=\"false\" aria-errormessage=\"wpforms-25-field_1-error\" required><\/div><div id=\"wpforms-25-field_6-container\" class=\"wpforms-field wpforms-field-text\" data-field-id=\"6\"><label class=\"wpforms-field-label\" for=\"wpforms-25-field_6\">T\u00e9l\u00e9phone <span class=\"wpforms-required-label\" aria-hidden=\"true\">*<\/span><\/label><input type=\"text\" id=\"wpforms-25-field_6\" class=\"wpforms-field-medium wpforms-field-required\" name=\"wpforms[fields][6]\" aria-errormessage=\"wpforms-25-field_6-error\" required><\/div><div id=\"wpforms-25-field_2-container\" class=\"wpforms-field wpforms-field-textarea\" data-field-id=\"2\"><label class=\"wpforms-field-label\" for=\"wpforms-25-field_2\">Message<\/label><textarea id=\"wpforms-25-field_2\" class=\"wpforms-field-medium\" name=\"wpforms[fields][2]\" aria-errormessage=\"wpforms-25-field_2-error\" ><\/textarea><\/div><\/div><!-- .wpforms-field-container --><div class=\"wpforms-recaptcha-container wpforms-is-recaptcha wpforms-is-recaptcha-type-invisible\" ><div class=\"g-recaptcha\" data-sitekey=\"6LdnW2AnAAAAAPb9u2wguJDJotFyheCUY89bKsiW\" data-size=\"invisible\"><\/div><\/div><div class=\"wpforms-submit-container\" ><input type=\"hidden\" name=\"wpforms[id]\" value=\"25\"><input type=\"hidden\" name=\"page_title\" value=\"\"><input type=\"hidden\" name=\"page_url\" value=\"https:\/\/website.rgconseils.fr\/rj174406-ovh\/wp-json\/wp\/v2\/pages\/11\"><input type=\"hidden\" name=\"url_referer\" value=\"\"><button type=\"submit\" name=\"wpforms[submit]\" id=\"wpforms-submit-25\" class=\"wpforms-submit\" data-alt-text=\"Envoi...\" data-submit-text=\"Envoyer\" aria-live=\"assertive\" value=\"wpforms-submit\">Envoyer<\/button><img decoding=\"async\" src=\"https:\/\/website.rgconseils.fr\/rj174406-ovh\/wp-content\/plugins\/wpforms-lite\/assets\/images\/submit-spin.svg\" class=\"wpforms-submit-spinner\" style=\"display: none;\" width=\"26\" height=\"26\" alt=\"Chargement en cours\"><\/div><\/form><\/div>  <!-- .wpforms-container -->\n\n<style>\/*! elementor - v3.15.0 - 09-08-2023 *\/<br \/>\n.elementor-column .elementor-spacer-inner{height:var(--spacer-size)}.e-con{--container-widget-width:100%}.e-con-inner>.elementor-widget-spacer,.e-con>.elementor-widget-spacer{width:var(--container-widget-width,var(--spacer-size));--align-self:var(--container-widget-align-self,initial);--flex-shrink:0}.e-con-inner>.elementor-widget-spacer>.elementor-widget-container,.e-con-inner>.elementor-widget-spacer>.elementor-widget-container>.elementor-spacer,.e-con>.elementor-widget-spacer>.elementor-widget-container,.e-con>.elementor-widget-spacer>.elementor-widget-container>.elementor-spacer{height:100%}.e-con-inner>.elementor-widget-spacer>.elementor-widget-container>.elementor-spacer>.elementor-spacer-inner,.e-con>.elementor-widget-spacer>.elementor-widget-container>.elementor-spacer>.elementor-spacer-inner{height:var(--container-widget-height,var(--spacer-size))}<\/style>\n\n\n<div style=\"height:100px\" aria-hidden=\"true\" class=\"wp-block-spacer\"><\/div>\n","protected":false},"excerpt":{"rendered":"<p>Vous souhaitez un renseignement, une demande de tarif sur nos prestations ou postuler \u00e0 une de nos offres d&#8217;emploi ? Contactez nous pour toute demande ! Vous pouvez nous envoyer un e-mail \u00e0 l\u2019aide du formulaire (nous vous r\u00e9pondons dans les meilleurs d\u00e9lais). Vos coordonn\u00e9es ne sont conserv\u00e9es uniquement que dans le cadre du traitement &hellip; <\/p>\n<p class=\"link-more\"><a href=\"https:\/\/website.rgconseils.fr\/rj174406-ovh\/contact\/\" class=\"more-link\">Lire la suite de<span class=\"screen-reader-text\">\u00ab\u00a0Contact\u00a0\u00bb<\/span><\/a><\/p>\n","protected":false},"author":1,"featured_media":0,"parent":0,"menu_order":0,"comment_status":"closed","ping_status":"closed","template":"","meta":{"footnotes":""},"class_list":["post-11","page","type-page","status-publish","hentry"],"yoast_head":"<!-- This site is optimized with the Yoast SEO plugin v24.6 - https:\/\/yoast.com\/wordpress\/plugins\/seo\/ -->\n<title>Contact - Expertise comptable et Commissariat aux comptes<\/title>\n<meta name=\"description\" content=\"Cabinets d&#039;expertise comptable et de commissariat aux comptes bas\u00e9s \u00e0 Nevers et \u00e0 Corbigny. Prestations sur l&#039;ensemble du territoire fran\u00e7ais.\" \/>\n<meta name=\"robots\" content=\"index, follow, max-snippet:-1, max-image-preview:large, max-video-preview:-1\" \/>\n<link rel=\"canonical\" href=\"https:\/\/website.rgconseils.fr\/rj174406-ovh\/contact\/\" \/>\n<meta property=\"og:locale\" content=\"fr_FR\" \/>\n<meta property=\"og:type\" content=\"article\" \/>\n<meta property=\"og:title\" content=\"Contact - Expertise comptable et Commissariat aux comptes\" \/>\n<meta property=\"og:description\" content=\"Cabinets d&#039;expertise comptable et de commissariat aux comptes bas\u00e9s \u00e0 Nevers et \u00e0 Corbigny. Prestations sur l&#039;ensemble du territoire fran\u00e7ais.\" \/>\n<meta property=\"og:url\" content=\"https:\/\/website.rgconseils.fr\/rj174406-ovh\/contact\/\" \/>\n<meta property=\"og:site_name\" content=\"Expertise comptable et Commissariat aux comptes\" \/>\n<meta property=\"article:modified_time\" content=\"2023-10-04T13:01:18+00:00\" \/>\n<meta name=\"twitter:card\" content=\"summary_large_image\" \/>\n<meta name=\"twitter:label1\" content=\"Dur\u00e9e de lecture estim\u00e9e\" \/>\n\t<meta name=\"twitter:data1\" content=\"1 minute\" \/>\n<script type=\"application\/ld+json\" class=\"yoast-schema-graph\">{\"@context\":\"https:\/\/schema.org\",\"@graph\":[{\"@type\":\"WebPage\",\"@id\":\"https:\/\/website.rgconseils.fr\/rj174406-ovh\/contact\/\",\"url\":\"https:\/\/website.rgconseils.fr\/rj174406-ovh\/contact\/\",\"name\":\"Contact - Expertise comptable et Commissariat aux comptes\",\"isPartOf\":{\"@id\":\"https:\/\/website.rgconseils.fr\/rj174406-ovh\/#website\"},\"datePublished\":\"2023-07-27T13:22:08+00:00\",\"dateModified\":\"2023-10-04T13:01:18+00:00\",\"description\":\"Cabinets d'expertise comptable et de commissariat aux comptes bas\u00e9s \u00e0 Nevers et \u00e0 Corbigny. Prestations sur l'ensemble du territoire fran\u00e7ais.\",\"breadcrumb\":{\"@id\":\"https:\/\/website.rgconseils.fr\/rj174406-ovh\/contact\/#breadcrumb\"},\"inLanguage\":\"fr-FR\",\"potentialAction\":[{\"@type\":\"ReadAction\",\"target\":[\"https:\/\/website.rgconseils.fr\/rj174406-ovh\/contact\/\"]}]},{\"@type\":\"BreadcrumbList\",\"@id\":\"https:\/\/website.rgconseils.fr\/rj174406-ovh\/contact\/#breadcrumb\",\"itemListElement\":[{\"@type\":\"ListItem\",\"position\":1,\"name\":\"Accueil\",\"item\":\"https:\/\/website.rgconseils.fr\/rj174406-ovh\/\"},{\"@type\":\"ListItem\",\"position\":2,\"name\":\"Contact\"}]},{\"@type\":\"WebSite\",\"@id\":\"https:\/\/website.rgconseils.fr\/rj174406-ovh\/#website\",\"url\":\"https:\/\/website.rgconseils.fr\/rj174406-ovh\/\",\"name\":\"Expertise comptable et Commissariat aux comptes\",\"description\":\"Notre expertise votre r\u00e9ussite\",\"publisher\":{\"@id\":\"https:\/\/website.rgconseils.fr\/rj174406-ovh\/#organization\"},\"potentialAction\":[{\"@type\":\"SearchAction\",\"target\":{\"@type\":\"EntryPoint\",\"urlTemplate\":\"https:\/\/website.rgconseils.fr\/rj174406-ovh\/?s={search_term_string}\"},\"query-input\":{\"@type\":\"PropertyValueSpecification\",\"valueRequired\":true,\"valueName\":\"search_term_string\"}}],\"inLanguage\":\"fr-FR\"},{\"@type\":\"Organization\",\"@id\":\"https:\/\/website.rgconseils.fr\/rj174406-ovh\/#organization\",\"name\":\"Rg Conseils\",\"alternateName\":\"Expertise comptable et commissariat aux comptes\",\"url\":\"https:\/\/website.rgconseils.fr\/rj174406-ovh\/\",\"logo\":{\"@type\":\"ImageObject\",\"inLanguage\":\"fr-FR\",\"@id\":\"https:\/\/website.rgconseils.fr\/rj174406-ovh\/#\/schema\/logo\/image\/\",\"url\":\"https:\/\/website.rgconseils.fr\/rj174406-ovh\/wp-content\/uploads\/2023\/07\/Logo-RG-Conseils-fond-blanc.jpg\",\"contentUrl\":\"https:\/\/website.rgconseils.fr\/rj174406-ovh\/wp-content\/uploads\/2023\/07\/Logo-RG-Conseils-fond-blanc.jpg\",\"width\":1226,\"height\":1454,\"caption\":\"Rg Conseils\"},\"image\":{\"@id\":\"https:\/\/website.rgconseils.fr\/rj174406-ovh\/#\/schema\/logo\/image\/\"}}]}<\/script>\n<!-- \/ Yoast SEO plugin. -->","yoast_head_json":{"title":"Contact - Expertise comptable et Commissariat aux comptes","description":"Cabinets d'expertise comptable et de commissariat aux comptes bas\u00e9s \u00e0 Nevers et \u00e0 Corbigny. Prestations sur l'ensemble du territoire fran\u00e7ais.","robots":{"index":"index","follow":"follow","max-snippet":"max-snippet:-1","max-image-preview":"max-image-preview:large","max-video-preview":"max-video-preview:-1"},"canonical":"https:\/\/website.rgconseils.fr\/rj174406-ovh\/contact\/","og_locale":"fr_FR","og_type":"article","og_title":"Contact - Expertise comptable et Commissariat aux comptes","og_description":"Cabinets d'expertise comptable et de commissariat aux comptes bas\u00e9s \u00e0 Nevers et \u00e0 Corbigny. Prestations sur l'ensemble du territoire fran\u00e7ais.","og_url":"https:\/\/website.rgconseils.fr\/rj174406-ovh\/contact\/","og_site_name":"Expertise comptable et Commissariat aux comptes","article_modified_time":"2023-10-04T13:01:18+00:00","twitter_card":"summary_large_image","twitter_misc":{"Dur\u00e9e de lecture estim\u00e9e":"1 minute"},"schema":{"@context":"https:\/\/schema.org","@graph":[{"@type":"WebPage","@id":"https:\/\/website.rgconseils.fr\/rj174406-ovh\/contact\/","url":"https:\/\/website.rgconseils.fr\/rj174406-ovh\/contact\/","name":"Contact - Expertise comptable et Commissariat aux comptes","isPartOf":{"@id":"https:\/\/website.rgconseils.fr\/rj174406-ovh\/#website"},"datePublished":"2023-07-27T13:22:08+00:00","dateModified":"2023-10-04T13:01:18+00:00","description":"Cabinets d'expertise comptable et de commissariat aux comptes bas\u00e9s \u00e0 Nevers et \u00e0 Corbigny. Prestations sur l'ensemble du territoire fran\u00e7ais.","breadcrumb":{"@id":"https:\/\/website.rgconseils.fr\/rj174406-ovh\/contact\/#breadcrumb"},"inLanguage":"fr-FR","potentialAction":[{"@type":"ReadAction","target":["https:\/\/website.rgconseils.fr\/rj174406-ovh\/contact\/"]}]},{"@type":"BreadcrumbList","@id":"https:\/\/website.rgconseils.fr\/rj174406-ovh\/contact\/#breadcrumb","itemListElement":[{"@type":"ListItem","position":1,"name":"Accueil","item":"https:\/\/website.rgconseils.fr\/rj174406-ovh\/"},{"@type":"ListItem","position":2,"name":"Contact"}]},{"@type":"WebSite","@id":"https:\/\/website.rgconseils.fr\/rj174406-ovh\/#website","url":"https:\/\/website.rgconseils.fr\/rj174406-ovh\/","name":"Expertise comptable et Commissariat aux comptes","description":"Notre expertise votre r\u00e9ussite","publisher":{"@id":"https:\/\/website.rgconseils.fr\/rj174406-ovh\/#organization"},"potentialAction":[{"@type":"SearchAction","target":{"@type":"EntryPoint","urlTemplate":"https:\/\/website.rgconseils.fr\/rj174406-ovh\/?s={search_term_string}"},"query-input":{"@type":"PropertyValueSpecification","valueRequired":true,"valueName":"search_term_string"}}],"inLanguage":"fr-FR"},{"@type":"Organization","@id":"https:\/\/website.rgconseils.fr\/rj174406-ovh\/#organization","name":"Rg Conseils","alternateName":"Expertise comptable et commissariat aux comptes","url":"https:\/\/website.rgconseils.fr\/rj174406-ovh\/","logo":{"@type":"ImageObject","inLanguage":"fr-FR","@id":"https:\/\/website.rgconseils.fr\/rj174406-ovh\/#\/schema\/logo\/image\/","url":"https:\/\/website.rgconseils.fr\/rj174406-ovh\/wp-content\/uploads\/2023\/07\/Logo-RG-Conseils-fond-blanc.jpg","contentUrl":"https:\/\/website.rgconseils.fr\/rj174406-ovh\/wp-content\/uploads\/2023\/07\/Logo-RG-Conseils-fond-blanc.jpg","width":1226,"height":1454,"caption":"Rg Conseils"},"image":{"@id":"https:\/\/website.rgconseils.fr\/rj174406-ovh\/#\/schema\/logo\/image\/"}}]}},"_links":{"self":[{"href":"https:\/\/website.rgconseils.fr\/rj174406-ovh\/wp-json\/wp\/v2\/pages\/11","targetHints":{"allow":["GET"]}}],"collection":[{"href":"https:\/\/website.rgconseils.fr\/rj174406-ovh\/wp-json\/wp\/v2\/pages"}],"about":[{"href":"https:\/\/website.rgconseils.fr\/rj174406-ovh\/wp-json\/wp\/v2\/types\/page"}],"author":[{"embeddable":true,"href":"https:\/\/website.rgconseils.fr\/rj174406-ovh\/wp-json\/wp\/v2\/users\/1"}],"replies":[{"embeddable":true,"href":"https:\/\/website.rgconseils.fr\/rj174406-ovh\/wp-json\/wp\/v2\/comments?post=11"}],"version-history":[{"count":10,"href":"https:\/\/website.rgconseils.fr\/rj174406-ovh\/wp-json\/wp\/v2\/pages\/11\/revisions"}],"predecessor-version":[{"id":773,"href":"https:\/\/website.rgconseils.fr\/rj174406-ovh\/wp-json\/wp\/v2\/pages\/11\/revisions\/773"}],"wp:attachment":[{"href":"https:\/\/website.rgconseils.fr\/rj174406-ovh\/wp-json\/wp\/v2\/media?parent=11"}],"curies":[{"name":"wp","href":"https:\/\/api.w.org\/{rel}","templated":true}]}}