{"id":137,"date":"2023-08-08T15:14:24","date_gmt":"2023-08-08T13:14:24","guid":{"rendered":"https:\/\/website.rgconseils.fr\/rj174406-ovh\/?page_id=137"},"modified":"2024-05-22T14:48:23","modified_gmt":"2024-05-22T12:48:23","slug":"mentions-legales","status":"publish","type":"page","link":"https:\/\/website.rgconseils.fr\/rj174406-ovh\/mentions-legales\/","title":{"rendered":"Mentions l\u00e9gales"},"content":{"rendered":"\t\t<div data-elementor-type=\"wp-page\" data-elementor-id=\"137\" class=\"elementor elementor-137\">\n\t\t\t\t\t\t<section class=\"elementor-section elementor-top-section elementor-element elementor-element-765aa91 elementor-section-boxed elementor-section-height-default elementor-section-height-default\" data-id=\"765aa91\" data-element_type=\"section\">\n\t\t\t\t\t\t<div class=\"elementor-container elementor-column-gap-default\">\n\t\t\t\t\t<div class=\"elementor-column elementor-col-100 elementor-top-column elementor-element elementor-element-d7da53e\" data-id=\"d7da53e\" data-element_type=\"column\">\n\t\t\t<div class=\"elementor-widget-wrap elementor-element-populated\">\n\t\t\t\t\t\t<div class=\"elementor-element elementor-element-c51ac29 elementor-widget elementor-widget-text-editor\" data-id=\"c51ac29\" data-element_type=\"widget\" data-widget_type=\"text-editor.default\">\n\t\t\t\t<div class=\"elementor-widget-container\">\n\t\t\t\t\t\t\t\t\t<p><strong><span style=\"font-family: Montserrat; color: #333333;\">RG CONSEILS<\/span><\/strong><span style=\"font-family: Montserrat; color: #333333;\"><br style=\"box-sizing: inherit;\" \/>Adresse : 6 rue Hoche 58000 Nevers<br style=\"box-sizing: inherit;\" \/>T\u00e9l : 03 86 36 08 64<br style=\"box-sizing: inherit;\" \/>N\u00b0 de SIRET : 393 036 199 00064<\/span><\/p><p><strong style=\"box-sizing: inherit;\"><span style=\"font-family: Montserrat; color: #333333;\">Directeur de la publication\u00a0<\/span><\/strong><span style=\"font-family: Montserrat; color: #333333;\"><br style=\"box-sizing: inherit;\" \/>Benoit NEYRAND, 6 rue Hoche, 58000 Nevers<\/span><\/p><p><span style=\"font-family: Montserrat; color: #333333;\"><strong>H\u00e9bergement:<\/strong>\u00a0<br \/><\/span><span style=\"color: #333333; font-family: Montserrat; font-weight: var( --e-global-typography-text-font-weight );\">OVH SAS \u2013 2 rue Kellermann &#8211; BP 80157 &#8211; 59053 ROUBAIX Cedex 1<\/span><span style=\"color: #333333; font-family: Montserrat; font-weight: var( --e-global-typography-text-font-weight );\"><br \/><\/span><span style=\"color: #333333; font-family: Montserrat; font-weight: var( --e-global-typography-text-font-weight );\">Conception graphique et d\u00e9veloppement : RG CONSEILS &#8211; Responsable des syst\u00e8mes d&rsquo;information<\/span><span style=\"color: #0d358b;\"><br \/><\/span><span style=\"color: #333333; font-family: Montserrat; font-weight: var( --e-global-typography-text-font-weight );\">Fourniture de contenu (actualit\u00e9s) : <a href=\"https:\/\/www.experts-comptables.fr\/\">Sic Webzine<\/a> &#8211; <a href=\"https:\/\/www.weblex.fr\/weblex-actualite\">Weblex<\/a><\/span><\/p><p><strong style=\"box-sizing: inherit;\"><span style=\"font-family: Montserrat; color: #333333;\">H\u00e9bergement et s\u00e9curit\u00e9\u00a0<\/span><\/strong><span style=\"font-family: Montserrat; color: #333333;\"><br style=\"box-sizing: inherit;\" \/>RG CONSEILS met tout en \u0153uvre pour offrir aux utilisateurs des informations et\/ou<br \/>outils disponibles et v\u00e9rifi\u00e9s, mais ne saurait \u00eatre tenue pour responsable des<br \/>erreurs, d\u2019une absence de disponibilit\u00e9 des informations et\/ou de la pr\u00e9sence<br \/>de virus sur son site.<\/span><\/p><p><strong style=\"box-sizing: inherit;\"><span style=\"font-family: Montserrat; color: #333333;\">Propri\u00e9t\u00e9 intellectuelle\u00a0<\/span><\/strong><span style=\"font-family: Montserrat; color: #333333;\"><br style=\"box-sizing: inherit;\" \/>L\u2019ensemble de ce site rel\u00e8ve de la l\u00e9gislation fran\u00e7aise et internationale sur<br \/>le droit d\u2019auteur et la propri\u00e9t\u00e9 intellectuelle. Tous les droits de reproduction<br \/>sont r\u00e9serv\u00e9s, y compris les documents t\u00e9l\u00e9chargeables et les repr\u00e9sentations<br \/>iconographiques et photographiques. La reproduction de tout ou partie de ce<br \/>site sur un support \u00e9lectronique, quel qu\u2019il soit, est formellement interdite,<br \/>sauf autorisation expresse du directeur de la publication.<br style=\"box-sizing: inherit;\" \/>La mise en place d\u2019un lien hypertexte vers www.rgconseils.fr n\u00e9cessite une<br \/>autorisation pr\u00e9alable et \u00e9crite.\u00a0RG CONSEILS d\u00e9cline toute responsabilit\u00e9<br \/>relative au contenu des sites Internet vers lesquels des liens hypertextes<br \/>pourraient renvoyer depuis le site www.rgconseils.fr.<\/span><\/p>\t\t\t\t\t\t\t\t<\/div>\n\t\t\t\t<\/div>\n\t\t\t\t\t<\/div>\n\t\t<\/div>\n\t\t\t\t\t<\/div>\n\t\t<\/section>\n\t\t\t\t<\/div>\n\t\t","protected":false},"excerpt":{"rendered":"<p>RG CONSEILSAdresse : 6 rue Hoche 58000 NeversT\u00e9l : 03 86 36 08 64N\u00b0 de SIRET : 393 036 199 00064 Directeur de la publication\u00a0Benoit NEYRAND, 6 rue Hoche, 58000 Nevers H\u00e9bergement:\u00a0OVH SAS \u2013 2 rue Kellermann &#8211; BP 80157 &#8211; 59053 ROUBAIX Cedex 1Conception graphique et d\u00e9veloppement : RG CONSEILS &#8211; Responsable des syst\u00e8mes &hellip; <\/p>\n<p class=\"link-more\"><a href=\"https:\/\/website.rgconseils.fr\/rj174406-ovh\/mentions-legales\/\" class=\"more-link\">Lire la suite de<span class=\"screen-reader-text\">\u00ab\u00a0Mentions l\u00e9gales\u00a0\u00bb<\/span><\/a><\/p>\n","protected":false},"author":1,"featured_media":0,"parent":0,"menu_order":0,"comment_status":"closed","ping_status":"closed","template":"","meta":{"footnotes":""},"class_list":["post-137","page","type-page","status-publish","hentry"],"yoast_head":"<!-- This site is optimized with the Yoast SEO plugin v24.6 - https:\/\/yoast.com\/wordpress\/plugins\/seo\/ -->\n<title>Mentions l\u00e9gales - Expertise comptable et Commissariat aux comptes<\/title>\n<meta name=\"description\" content=\"Cabinets d&#039;expertise comptable et de commissariat aux comptes bas\u00e9s \u00e0 Nevers et \u00e0 Corbigny. Prestations sur l&#039;ensemble du territoire fran\u00e7ais.\" \/>\n<meta name=\"robots\" content=\"index, follow, max-snippet:-1, max-image-preview:large, max-video-preview:-1\" \/>\n<link rel=\"canonical\" href=\"https:\/\/website.rgconseils.fr\/rj174406-ovh\/mentions-legales\/\" \/>\n<meta property=\"og:locale\" content=\"fr_FR\" \/>\n<meta property=\"og:type\" content=\"article\" \/>\n<meta property=\"og:title\" content=\"Mentions l\u00e9gales - Expertise comptable et Commissariat aux comptes\" \/>\n<meta property=\"og:description\" content=\"Cabinets d&#039;expertise comptable et de commissariat aux comptes bas\u00e9s \u00e0 Nevers et \u00e0 Corbigny. Prestations sur l&#039;ensemble du territoire fran\u00e7ais.\" \/>\n<meta property=\"og:url\" content=\"https:\/\/website.rgconseils.fr\/rj174406-ovh\/mentions-legales\/\" \/>\n<meta property=\"og:site_name\" content=\"Expertise comptable et Commissariat aux comptes\" \/>\n<meta property=\"article:modified_time\" content=\"2024-05-22T12:48:23+00:00\" \/>\n<meta name=\"twitter:card\" content=\"summary_large_image\" \/>\n<meta name=\"twitter:label1\" content=\"Dur\u00e9e de lecture estim\u00e9e\" \/>\n\t<meta name=\"twitter:data1\" content=\"2 minutes\" \/>\n<script type=\"application\/ld+json\" class=\"yoast-schema-graph\">{\"@context\":\"https:\/\/schema.org\",\"@graph\":[{\"@type\":\"WebPage\",\"@id\":\"https:\/\/website.rgconseils.fr\/rj174406-ovh\/mentions-legales\/\",\"url\":\"https:\/\/website.rgconseils.fr\/rj174406-ovh\/mentions-legales\/\",\"name\":\"Mentions l\u00e9gales - Expertise comptable et Commissariat aux comptes\",\"isPartOf\":{\"@id\":\"https:\/\/website.rgconseils.fr\/rj174406-ovh\/#website\"},\"datePublished\":\"2023-08-08T13:14:24+00:00\",\"dateModified\":\"2024-05-22T12:48:23+00:00\",\"description\":\"Cabinets d'expertise comptable et de commissariat aux comptes bas\u00e9s \u00e0 Nevers et \u00e0 Corbigny. Prestations sur l'ensemble du territoire fran\u00e7ais.\",\"breadcrumb\":{\"@id\":\"https:\/\/website.rgconseils.fr\/rj174406-ovh\/mentions-legales\/#breadcrumb\"},\"inLanguage\":\"fr-FR\",\"potentialAction\":[{\"@type\":\"ReadAction\",\"target\":[\"https:\/\/website.rgconseils.fr\/rj174406-ovh\/mentions-legales\/\"]}]},{\"@type\":\"BreadcrumbList\",\"@id\":\"https:\/\/website.rgconseils.fr\/rj174406-ovh\/mentions-legales\/#breadcrumb\",\"itemListElement\":[{\"@type\":\"ListItem\",\"position\":1,\"name\":\"Accueil\",\"item\":\"https:\/\/website.rgconseils.fr\/rj174406-ovh\/\"},{\"@type\":\"ListItem\",\"position\":2,\"name\":\"Mentions l\u00e9gales\"}]},{\"@type\":\"WebSite\",\"@id\":\"https:\/\/website.rgconseils.fr\/rj174406-ovh\/#website\",\"url\":\"https:\/\/website.rgconseils.fr\/rj174406-ovh\/\",\"name\":\"Expertise comptable et Commissariat aux comptes\",\"description\":\"Notre expertise votre r\u00e9ussite\",\"publisher\":{\"@id\":\"https:\/\/website.rgconseils.fr\/rj174406-ovh\/#organization\"},\"potentialAction\":[{\"@type\":\"SearchAction\",\"target\":{\"@type\":\"EntryPoint\",\"urlTemplate\":\"https:\/\/website.rgconseils.fr\/rj174406-ovh\/?s={search_term_string}\"},\"query-input\":{\"@type\":\"PropertyValueSpecification\",\"valueRequired\":true,\"valueName\":\"search_term_string\"}}],\"inLanguage\":\"fr-FR\"},{\"@type\":\"Organization\",\"@id\":\"https:\/\/website.rgconseils.fr\/rj174406-ovh\/#organization\",\"name\":\"Rg Conseils\",\"alternateName\":\"Expertise comptable et commissariat aux comptes\",\"url\":\"https:\/\/website.rgconseils.fr\/rj174406-ovh\/\",\"logo\":{\"@type\":\"ImageObject\",\"inLanguage\":\"fr-FR\",\"@id\":\"https:\/\/website.rgconseils.fr\/rj174406-ovh\/#\/schema\/logo\/image\/\",\"url\":\"https:\/\/website.rgconseils.fr\/rj174406-ovh\/wp-content\/uploads\/2023\/07\/Logo-RG-Conseils-fond-blanc.jpg\",\"contentUrl\":\"https:\/\/website.rgconseils.fr\/rj174406-ovh\/wp-content\/uploads\/2023\/07\/Logo-RG-Conseils-fond-blanc.jpg\",\"width\":1226,\"height\":1454,\"caption\":\"Rg Conseils\"},\"image\":{\"@id\":\"https:\/\/website.rgconseils.fr\/rj174406-ovh\/#\/schema\/logo\/image\/\"}}]}<\/script>\n<!-- \/ Yoast SEO plugin. -->","yoast_head_json":{"title":"Mentions l\u00e9gales - Expertise comptable et Commissariat aux comptes","description":"Cabinets d'expertise comptable et de commissariat aux comptes bas\u00e9s \u00e0 Nevers et \u00e0 Corbigny. Prestations sur l'ensemble du territoire fran\u00e7ais.","robots":{"index":"index","follow":"follow","max-snippet":"max-snippet:-1","max-image-preview":"max-image-preview:large","max-video-preview":"max-video-preview:-1"},"canonical":"https:\/\/website.rgconseils.fr\/rj174406-ovh\/mentions-legales\/","og_locale":"fr_FR","og_type":"article","og_title":"Mentions l\u00e9gales - Expertise comptable et Commissariat aux comptes","og_description":"Cabinets d'expertise comptable et de commissariat aux comptes bas\u00e9s \u00e0 Nevers et \u00e0 Corbigny. Prestations sur l'ensemble du territoire fran\u00e7ais.","og_url":"https:\/\/website.rgconseils.fr\/rj174406-ovh\/mentions-legales\/","og_site_name":"Expertise comptable et Commissariat aux comptes","article_modified_time":"2024-05-22T12:48:23+00:00","twitter_card":"summary_large_image","twitter_misc":{"Dur\u00e9e de lecture estim\u00e9e":"2 minutes"},"schema":{"@context":"https:\/\/schema.org","@graph":[{"@type":"WebPage","@id":"https:\/\/website.rgconseils.fr\/rj174406-ovh\/mentions-legales\/","url":"https:\/\/website.rgconseils.fr\/rj174406-ovh\/mentions-legales\/","name":"Mentions l\u00e9gales - Expertise comptable et Commissariat aux comptes","isPartOf":{"@id":"https:\/\/website.rgconseils.fr\/rj174406-ovh\/#website"},"datePublished":"2023-08-08T13:14:24+00:00","dateModified":"2024-05-22T12:48:23+00:00","description":"Cabinets d'expertise comptable et de commissariat aux comptes bas\u00e9s \u00e0 Nevers et \u00e0 Corbigny. Prestations sur l'ensemble du territoire fran\u00e7ais.","breadcrumb":{"@id":"https:\/\/website.rgconseils.fr\/rj174406-ovh\/mentions-legales\/#breadcrumb"},"inLanguage":"fr-FR","potentialAction":[{"@type":"ReadAction","target":["https:\/\/website.rgconseils.fr\/rj174406-ovh\/mentions-legales\/"]}]},{"@type":"BreadcrumbList","@id":"https:\/\/website.rgconseils.fr\/rj174406-ovh\/mentions-legales\/#breadcrumb","itemListElement":[{"@type":"ListItem","position":1,"name":"Accueil","item":"https:\/\/website.rgconseils.fr\/rj174406-ovh\/"},{"@type":"ListItem","position":2,"name":"Mentions l\u00e9gales"}]},{"@type":"WebSite","@id":"https:\/\/website.rgconseils.fr\/rj174406-ovh\/#website","url":"https:\/\/website.rgconseils.fr\/rj174406-ovh\/","name":"Expertise comptable et Commissariat aux comptes","description":"Notre expertise votre r\u00e9ussite","publisher":{"@id":"https:\/\/website.rgconseils.fr\/rj174406-ovh\/#organization"},"potentialAction":[{"@type":"SearchAction","target":{"@type":"EntryPoint","urlTemplate":"https:\/\/website.rgconseils.fr\/rj174406-ovh\/?s={search_term_string}"},"query-input":{"@type":"PropertyValueSpecification","valueRequired":true,"valueName":"search_term_string"}}],"inLanguage":"fr-FR"},{"@type":"Organization","@id":"https:\/\/website.rgconseils.fr\/rj174406-ovh\/#organization","name":"Rg Conseils","alternateName":"Expertise comptable et commissariat aux comptes","url":"https:\/\/website.rgconseils.fr\/rj174406-ovh\/","logo":{"@type":"ImageObject","inLanguage":"fr-FR","@id":"https:\/\/website.rgconseils.fr\/rj174406-ovh\/#\/schema\/logo\/image\/","url":"https:\/\/website.rgconseils.fr\/rj174406-ovh\/wp-content\/uploads\/2023\/07\/Logo-RG-Conseils-fond-blanc.jpg","contentUrl":"https:\/\/website.rgconseils.fr\/rj174406-ovh\/wp-content\/uploads\/2023\/07\/Logo-RG-Conseils-fond-blanc.jpg","width":1226,"height":1454,"caption":"Rg Conseils"},"image":{"@id":"https:\/\/website.rgconseils.fr\/rj174406-ovh\/#\/schema\/logo\/image\/"}}]}},"_links":{"self":[{"href":"https:\/\/website.rgconseils.fr\/rj174406-ovh\/wp-json\/wp\/v2\/pages\/137","targetHints":{"allow":["GET"]}}],"collection":[{"href":"https:\/\/website.rgconseils.fr\/rj174406-ovh\/wp-json\/wp\/v2\/pages"}],"about":[{"href":"https:\/\/website.rgconseils.fr\/rj174406-ovh\/wp-json\/wp\/v2\/types\/page"}],"author":[{"embeddable":true,"href":"https:\/\/website.rgconseils.fr\/rj174406-ovh\/wp-json\/wp\/v2\/users\/1"}],"replies":[{"embeddable":true,"href":"https:\/\/website.rgconseils.fr\/rj174406-ovh\/wp-json\/wp\/v2\/comments?post=137"}],"version-history":[{"count":28,"href":"https:\/\/website.rgconseils.fr\/rj174406-ovh\/wp-json\/wp\/v2\/pages\/137\/revisions"}],"predecessor-version":[{"id":1086,"href":"https:\/\/website.rgconseils.fr\/rj174406-ovh\/wp-json\/wp\/v2\/pages\/137\/revisions\/1086"}],"wp:attachment":[{"href":"https:\/\/website.rgconseils.fr\/rj174406-ovh\/wp-json\/wp\/v2\/media?parent=137"}],"curies":[{"name":"wp","href":"https:\/\/api.w.org\/{rel}","templated":true}]}}