{"id":2,"date":"2023-07-27T14:10:29","date_gmt":"2023-07-27T12:10:29","guid":{"rendered":"http:\/\/website.rgconseils.fr\/rj174406-ovh\/?page_id=2"},"modified":"2023-10-24T14:00:13","modified_gmt":"2023-10-24T12:00:13","slug":"actualites-fiches-conseil","status":"publish","type":"page","link":"https:\/\/website.rgconseils.fr\/rj174406-ovh\/actualites-fiches-conseil\/","title":{"rendered":"Actualit\u00e9s et fiches conseil"},"content":{"rendered":"\t\t<div data-elementor-type=\"wp-page\" data-elementor-id=\"2\" class=\"elementor elementor-2\">\n\t\t\t\t\t\t<section class=\"elementor-section elementor-top-section elementor-element elementor-element-2d36c06 elementor-section-boxed elementor-section-height-default elementor-section-height-default\" data-id=\"2d36c06\" data-element_type=\"section\">\n\t\t\t\t\t\t<div class=\"elementor-container elementor-column-gap-default\">\n\t\t\t\t\t<div class=\"elementor-column elementor-col-100 elementor-top-column elementor-element elementor-element-ed4ebd2\" data-id=\"ed4ebd2\" data-element_type=\"column\">\n\t\t\t<div class=\"elementor-widget-wrap\">\n\t\t\t\t\t\t\t<\/div>\n\t\t<\/div>\n\t\t\t\t\t<\/div>\n\t\t<\/section>\n\t\t\t\t<section class=\"elementor-section elementor-top-section elementor-element elementor-element-7776322 elementor-section-boxed elementor-section-height-default elementor-section-height-default\" data-id=\"7776322\" data-element_type=\"section\">\n\t\t\t\t\t\t<div class=\"elementor-container elementor-column-gap-default\">\n\t\t\t\t\t<div class=\"elementor-column elementor-col-50 elementor-top-column elementor-element elementor-element-fc37efb\" data-id=\"fc37efb\" data-element_type=\"column\">\n\t\t\t<div class=\"elementor-widget-wrap elementor-element-populated\">\n\t\t\t\t\t\t<div class=\"elementor-element elementor-element-c00c16c elementor-widget elementor-widget-image\" data-id=\"c00c16c\" data-element_type=\"widget\" data-widget_type=\"image.default\">\n\t\t\t\t<div class=\"elementor-widget-container\">\n\t\t\t\t\t\t\t\t\t\t\t\t\t\t\t<img fetchpriority=\"high\" decoding=\"async\" width=\"810\" height=\"540\" src=\"https:\/\/website.rgconseils.fr\/rj174406-ovh\/wp-content\/uploads\/2023\/10\/panneauxsolaires.jpg\" class=\"attachment-large size-large wp-image-987\" alt=\"\" srcset=\"https:\/\/website.rgconseils.fr\/rj174406-ovh\/wp-content\/uploads\/2023\/10\/panneauxsolaires.jpg 810w, https:\/\/website.rgconseils.fr\/rj174406-ovh\/wp-content\/uploads\/2023\/10\/panneauxsolaires-300x200.jpg 300w, https:\/\/website.rgconseils.fr\/rj174406-ovh\/wp-content\/uploads\/2023\/10\/panneauxsolaires-768x512.jpg 768w\" sizes=\"100vw\" \/>\t\t\t\t\t\t\t\t\t\t\t\t\t\t\t<\/div>\n\t\t\t\t<\/div>\n\t\t\t\t<div class=\"elementor-element elementor-element-fa830f5 elementor-widget elementor-widget-heading\" data-id=\"fa830f5\" data-element_type=\"widget\" data-widget_type=\"heading.default\">\n\t\t\t\t<div class=\"elementor-widget-container\">\n\t\t\t\t\t<h2 class=\"elementor-heading-title elementor-size-default\"><h3 class=\"ab-block-post-grid-title\" style=\"font-family: Montserrat, sans-serif;line-height: 1.2;font-size: 28px;margin-bottom: 15px;margin-top: 0px;padding-right: 10px;padding-bottom: 0px;padding-left: 10px\">Vente d\u2019entreprise : une exon\u00e9ration d\u2019imp\u00f4t qui n\u2019est pas automatique\u2026<\/h3><\/h2>\t\t\t\t<\/div>\n\t\t\t\t<\/div>\n\t\t\t\t<div class=\"elementor-element elementor-element-af5e907 elementor-widget elementor-widget-spacer\" data-id=\"af5e907\" data-element_type=\"widget\" data-widget_type=\"spacer.default\">\n\t\t\t\t<div class=\"elementor-widget-container\">\n\t\t\t\t\t\t\t<div class=\"elementor-spacer\">\n\t\t\t<div class=\"elementor-spacer-inner\"><\/div>\n\t\t<\/div>\n\t\t\t\t\t\t<\/div>\n\t\t\t\t<\/div>\n\t\t\t\t<div class=\"elementor-element elementor-element-7a7e469 elementor-widget elementor-widget-text-editor\" data-id=\"7a7e469\" data-element_type=\"widget\" data-widget_type=\"text-editor.default\">\n\t\t\t\t<div class=\"elementor-widget-container\">\n\t\t\t\t\t\t\t\t\t<div style=\"box-sizing: inherit; padding: 0px 10px; font-size: 14px; color: #626e81; margin-bottom: 15px; font-family: Montserrat, Verdana, sans-serif;\"><time style=\"box-sizing: inherit; color: #212121; display: inline-block;\" datetime=\"2019-02-27T17:28:34+02:00\">Le 17 octobre 2023<br \/><\/time><span style=\"color: #333333; font-size: 16px;\"><br \/><br \/>Les associ\u00e9s d\u2019une EARL d\u00e9cident, en compl\u00e9ment de leur activit\u00e9 agricole, de d\u00e9velopper une activit\u00e9 de production et de vente d\u2019\u00e9lectricit\u00e9 d\u2019origine photovolta\u00efque. Quelques ann\u00e9es plus tard, ils c\u00e8dent leur activit\u00e9 et, parce que le montant du chiffre d\u2019affaires de l\u2019entreprise n\u2019exc\u00e8de pas 250 000 \u20ac, ils demandent \u00e0 b\u00e9n\u00e9ficier d\u2019une exon\u00e9ration d\u2019imp\u00f4t\u2026 Ce que l\u2019administration leur refuse. Pourquoi ?<\/span><\/div>\t\t\t\t\t\t\t\t<\/div>\n\t\t\t\t<\/div>\n\t\t\t\t<div class=\"elementor-element elementor-element-701cc4e elementor-widget elementor-widget-spacer\" data-id=\"701cc4e\" data-element_type=\"widget\" data-widget_type=\"spacer.default\">\n\t\t\t\t<div class=\"elementor-widget-container\">\n\t\t\t\t\t\t\t<div class=\"elementor-spacer\">\n\t\t\t<div class=\"elementor-spacer-inner\"><\/div>\n\t\t<\/div>\n\t\t\t\t\t\t<\/div>\n\t\t\t\t<\/div>\n\t\t\t\t<div class=\"elementor-element elementor-element-8c8330c e-transform e-transform elementor-widget elementor-widget-text-editor\" data-id=\"8c8330c\" data-element_type=\"widget\" data-settings=\"{&quot;_transform_scale_effect_hover&quot;:{&quot;unit&quot;:&quot;px&quot;,&quot;size&quot;:1.2,&quot;sizes&quot;:[]},&quot;_transform_rotateZ_effect_hover&quot;:{&quot;unit&quot;:&quot;px&quot;,&quot;size&quot;:&quot;&quot;,&quot;sizes&quot;:[]},&quot;_transform_rotateZ_effect_hover_tablet&quot;:{&quot;unit&quot;:&quot;deg&quot;,&quot;size&quot;:&quot;&quot;,&quot;sizes&quot;:[]},&quot;_transform_rotateZ_effect_hover_mobile&quot;:{&quot;unit&quot;:&quot;deg&quot;,&quot;size&quot;:&quot;&quot;,&quot;sizes&quot;:[]},&quot;_transform_scale_effect_hover_tablet&quot;:{&quot;unit&quot;:&quot;px&quot;,&quot;size&quot;:&quot;&quot;,&quot;sizes&quot;:[]},&quot;_transform_scale_effect_hover_mobile&quot;:{&quot;unit&quot;:&quot;px&quot;,&quot;size&quot;:&quot;&quot;,&quot;sizes&quot;:[]}}\" data-widget_type=\"text-editor.default\">\n\t\t\t\t<div class=\"elementor-widget-container\">\n\t\t\t\t\t\t\t\t\t<h3 style=\"text-align: center;\"><a href=\"https:\/\/www.weblex.fr\/weblex-actualite\/vente-d-entreprise-et-exoneration-d-impot-attention-a-la-pluralite-d-activites\" target=\"_blank\" rel=\"noopener\"><strong><u>Lire la suite<\/u><\/strong><\/a><\/h3>\t\t\t\t\t\t\t\t<\/div>\n\t\t\t\t<\/div>\n\t\t\t\t\t<\/div>\n\t\t<\/div>\n\t\t\t\t<div class=\"elementor-column elementor-col-50 elementor-top-column elementor-element elementor-element-92e5882\" data-id=\"92e5882\" data-element_type=\"column\">\n\t\t\t<div class=\"elementor-widget-wrap elementor-element-populated\">\n\t\t\t\t\t\t<div class=\"elementor-element elementor-element-b524d3c elementor-widget elementor-widget-image\" data-id=\"b524d3c\" data-element_type=\"widget\" data-widget_type=\"image.default\">\n\t\t\t\t<div class=\"elementor-widget-container\">\n\t\t\t\t\t\t\t\t\t\t\t\t\t\t\t<img decoding=\"async\" width=\"810\" height=\"540\" src=\"https:\/\/website.rgconseils.fr\/rj174406-ovh\/wp-content\/uploads\/2023\/10\/licmtseco.jpg\" class=\"attachment-large size-large wp-image-1003\" alt=\"\" srcset=\"https:\/\/website.rgconseils.fr\/rj174406-ovh\/wp-content\/uploads\/2023\/10\/licmtseco.jpg 810w, https:\/\/website.rgconseils.fr\/rj174406-ovh\/wp-content\/uploads\/2023\/10\/licmtseco-300x200.jpg 300w, https:\/\/website.rgconseils.fr\/rj174406-ovh\/wp-content\/uploads\/2023\/10\/licmtseco-768x512.jpg 768w\" sizes=\"100vw\" \/>\t\t\t\t\t\t\t\t\t\t\t\t\t\t\t<\/div>\n\t\t\t\t<\/div>\n\t\t\t\t<div class=\"elementor-element elementor-element-b436552 elementor-widget elementor-widget-heading\" data-id=\"b436552\" data-element_type=\"widget\" data-widget_type=\"heading.default\">\n\t\t\t\t<div class=\"elementor-widget-container\">\n\t\t\t\t\t<h2 class=\"elementor-heading-title elementor-size-default\"><h3 class=\"ab-block-post-grid-title\" style=\"font-family: Montserrat, sans-serif;line-height: 1.2;font-size: 28px;margin-bottom: 15px;margin-top: 0px;padding-right: 10px;padding-bottom: 0px;padding-left: 10px\">Licenciement pour motif \u00e9conomique : \u00ab rappel \u00e0 l\u2019ordre ! \u00bb\n<\/h3><\/h2>\t\t\t\t<\/div>\n\t\t\t\t<\/div>\n\t\t\t\t<div class=\"elementor-element elementor-element-5115744 elementor-widget elementor-widget-spacer\" data-id=\"5115744\" data-element_type=\"widget\" data-widget_type=\"spacer.default\">\n\t\t\t\t<div class=\"elementor-widget-container\">\n\t\t\t\t\t\t\t<div class=\"elementor-spacer\">\n\t\t\t<div class=\"elementor-spacer-inner\"><\/div>\n\t\t<\/div>\n\t\t\t\t\t\t<\/div>\n\t\t\t\t<\/div>\n\t\t\t\t<div class=\"elementor-element elementor-element-3e73567 elementor-widget elementor-widget-text-editor\" data-id=\"3e73567\" data-element_type=\"widget\" data-widget_type=\"text-editor.default\">\n\t\t\t\t<div class=\"elementor-widget-container\">\n\t\t\t\t\t\t\t\t\t<div class=\"ab-block-post-grid-byline\" style=\"box-sizing: inherit; padding: 0px 10px; font-size: 14px; color: #626e81; margin-bottom: 15px; font-family: Montserrat, Verdana, sans-serif;\"><time class=\"ab-block-post-grid-date\" style=\"box-sizing: inherit; color: #212121; display: inline-block;\" datetime=\"2019-02-27T17:28:34+02:00\">\u00a0<\/time><span style=\"color: #212121; font-weight: var( --e-global-typography-text-font-weight );\">Le 17 octobre 2023<br \/><br \/><\/span><span style=\"color: #333333; font-size: 16px;\">Lorsqu\u2019il est question de licenciement \u00e9conomique, si la plupart du temps l\u2019employeur est l\u00e9galement tenu de respecter un \u00ab ordre des licenciements \u00bb, ce n\u2019est pas le cas lorsqu\u2019il supprime tous les postes d\u2019une m\u00eame cat\u00e9gorie professionnelle. D\u00e9cryptage.<\/span><\/div>\t\t\t\t\t\t\t\t<\/div>\n\t\t\t\t<\/div>\n\t\t\t\t<div class=\"elementor-element elementor-element-b3ad7be elementor-widget elementor-widget-spacer\" data-id=\"b3ad7be\" data-element_type=\"widget\" data-widget_type=\"spacer.default\">\n\t\t\t\t<div class=\"elementor-widget-container\">\n\t\t\t\t\t\t\t<div class=\"elementor-spacer\">\n\t\t\t<div class=\"elementor-spacer-inner\"><\/div>\n\t\t<\/div>\n\t\t\t\t\t\t<\/div>\n\t\t\t\t<\/div>\n\t\t\t\t<div class=\"elementor-element elementor-element-cc773c8 e-transform e-transform elementor-widget elementor-widget-text-editor\" data-id=\"cc773c8\" data-element_type=\"widget\" data-settings=\"{&quot;_transform_scale_effect_hover&quot;:{&quot;unit&quot;:&quot;px&quot;,&quot;size&quot;:1.2,&quot;sizes&quot;:[]},&quot;_transform_rotateZ_effect_hover&quot;:{&quot;unit&quot;:&quot;px&quot;,&quot;size&quot;:&quot;&quot;,&quot;sizes&quot;:[]},&quot;_transform_rotateZ_effect_hover_tablet&quot;:{&quot;unit&quot;:&quot;deg&quot;,&quot;size&quot;:&quot;&quot;,&quot;sizes&quot;:[]},&quot;_transform_rotateZ_effect_hover_mobile&quot;:{&quot;unit&quot;:&quot;deg&quot;,&quot;size&quot;:&quot;&quot;,&quot;sizes&quot;:[]},&quot;_transform_scale_effect_hover_tablet&quot;:{&quot;unit&quot;:&quot;px&quot;,&quot;size&quot;:&quot;&quot;,&quot;sizes&quot;:[]},&quot;_transform_scale_effect_hover_mobile&quot;:{&quot;unit&quot;:&quot;px&quot;,&quot;size&quot;:&quot;&quot;,&quot;sizes&quot;:[]}}\" data-widget_type=\"text-editor.default\">\n\t\t\t\t<div class=\"elementor-widget-container\">\n\t\t\t\t\t\t\t\t\t<h3 style=\"text-align: center;\"><a href=\"https:\/\/www.weblex.fr\/weblex-actualite\/licenciement-pour-motif-economique-un-ordre-a-respecter\" target=\"_blank\" rel=\"noopener\"><strong><u>Lire la suite<\/u><\/strong><\/a><\/h3>\t\t\t\t\t\t\t\t<\/div>\n\t\t\t\t<\/div>\n\t\t\t\t\t<\/div>\n\t\t<\/div>\n\t\t\t\t\t<\/div>\n\t\t<\/section>\n\t\t\t\t<section class=\"elementor-section elementor-top-section elementor-element elementor-element-d92575d elementor-section-boxed elementor-section-height-default elementor-section-height-default\" data-id=\"d92575d\" data-element_type=\"section\">\n\t\t\t\t\t\t<div class=\"elementor-container elementor-column-gap-default\">\n\t\t\t\t\t<div class=\"elementor-column elementor-col-100 elementor-top-column elementor-element elementor-element-2b2d765\" data-id=\"2b2d765\" data-element_type=\"column\">\n\t\t\t<div class=\"elementor-widget-wrap elementor-element-populated\">\n\t\t\t\t\t\t<div class=\"elementor-element elementor-element-62108aa elementor-widget elementor-widget-spacer\" data-id=\"62108aa\" data-element_type=\"widget\" data-widget_type=\"spacer.default\">\n\t\t\t\t<div class=\"elementor-widget-container\">\n\t\t\t\t\t\t\t<div class=\"elementor-spacer\">\n\t\t\t<div class=\"elementor-spacer-inner\"><\/div>\n\t\t<\/div>\n\t\t\t\t\t\t<\/div>\n\t\t\t\t<\/div>\n\t\t\t\t\t<\/div>\n\t\t<\/div>\n\t\t\t\t\t<\/div>\n\t\t<\/section>\n\t\t\t\t<\/div>\n\t\t","protected":false},"excerpt":{"rendered":"<p>Vente d\u2019entreprise : une exon\u00e9ration d\u2019imp\u00f4t qui n\u2019est pas automatique\u2026 Le 17 octobre 2023 Les associ\u00e9s d\u2019une EARL d\u00e9cident, en compl\u00e9ment de leur activit\u00e9 agricole, de d\u00e9velopper une activit\u00e9 de production et de vente d\u2019\u00e9lectricit\u00e9 d\u2019origine photovolta\u00efque. Quelques ann\u00e9es plus tard, ils c\u00e8dent leur activit\u00e9 et, parce que le montant du chiffre d\u2019affaires de l\u2019entreprise &hellip; <\/p>\n<p class=\"link-more\"><a href=\"https:\/\/website.rgconseils.fr\/rj174406-ovh\/actualites-fiches-conseil\/\" class=\"more-link\">Lire la suite de<span class=\"screen-reader-text\">\u00ab\u00a0Actualit\u00e9s et fiches conseil\u00a0\u00bb<\/span><\/a><\/p>\n","protected":false},"author":1,"featured_media":0,"parent":0,"menu_order":0,"comment_status":"closed","ping_status":"closed","template":"","meta":{"footnotes":""},"class_list":["post-2","page","type-page","status-publish","hentry"],"yoast_head":"<!-- This site is optimized with the Yoast SEO plugin v24.6 - https:\/\/yoast.com\/wordpress\/plugins\/seo\/ -->\n<title>Actualit\u00e9s et fiches conseil - Expertise comptable et Commissariat aux comptes<\/title>\n<meta name=\"description\" content=\"Cabinets d&#039;expertise comptable et de commissariat aux comptes bas\u00e9s \u00e0 Nevers et \u00e0 Corbigny. Prestations sur l&#039;ensemble du territoire fran\u00e7ais.\" \/>\n<meta name=\"robots\" content=\"index, follow, max-snippet:-1, max-image-preview:large, max-video-preview:-1\" \/>\n<link rel=\"canonical\" href=\"https:\/\/website.rgconseils.fr\/rj174406-ovh\/actualites-fiches-conseil\/\" \/>\n<meta property=\"og:locale\" content=\"fr_FR\" \/>\n<meta property=\"og:type\" content=\"article\" \/>\n<meta property=\"og:title\" content=\"Actualit\u00e9s et fiches conseil - Expertise comptable et Commissariat aux comptes\" \/>\n<meta property=\"og:description\" content=\"Cabinets d&#039;expertise comptable et de commissariat aux comptes bas\u00e9s \u00e0 Nevers et \u00e0 Corbigny. Prestations sur l&#039;ensemble du territoire fran\u00e7ais.\" \/>\n<meta property=\"og:url\" content=\"https:\/\/website.rgconseils.fr\/rj174406-ovh\/actualites-fiches-conseil\/\" \/>\n<meta property=\"og:site_name\" content=\"Expertise comptable et Commissariat aux comptes\" \/>\n<meta property=\"article:modified_time\" content=\"2023-10-24T12:00:13+00:00\" \/>\n<meta property=\"og:image\" content=\"https:\/\/website.rgconseils.fr\/rj174406-ovh\/wp-content\/uploads\/2023\/10\/panneauxsolaires.jpg\" \/>\n<meta name=\"twitter:card\" content=\"summary_large_image\" \/>\n<meta name=\"twitter:label1\" content=\"Dur\u00e9e de lecture estim\u00e9e\" \/>\n\t<meta name=\"twitter:data1\" content=\"2 minutes\" \/>\n<script type=\"application\/ld+json\" class=\"yoast-schema-graph\">{\"@context\":\"https:\/\/schema.org\",\"@graph\":[{\"@type\":\"WebPage\",\"@id\":\"https:\/\/website.rgconseils.fr\/rj174406-ovh\/actualites-fiches-conseil\/\",\"url\":\"https:\/\/website.rgconseils.fr\/rj174406-ovh\/actualites-fiches-conseil\/\",\"name\":\"Actualit\u00e9s et fiches conseil - Expertise comptable et Commissariat aux comptes\",\"isPartOf\":{\"@id\":\"https:\/\/website.rgconseils.fr\/rj174406-ovh\/#website\"},\"primaryImageOfPage\":{\"@id\":\"https:\/\/website.rgconseils.fr\/rj174406-ovh\/actualites-fiches-conseil\/#primaryimage\"},\"image\":{\"@id\":\"https:\/\/website.rgconseils.fr\/rj174406-ovh\/actualites-fiches-conseil\/#primaryimage\"},\"thumbnailUrl\":\"https:\/\/website.rgconseils.fr\/rj174406-ovh\/wp-content\/uploads\/2023\/10\/panneauxsolaires.jpg\",\"datePublished\":\"2023-07-27T12:10:29+00:00\",\"dateModified\":\"2023-10-24T12:00:13+00:00\",\"description\":\"Cabinets d'expertise comptable et de commissariat aux comptes bas\u00e9s \u00e0 Nevers et \u00e0 Corbigny. Prestations sur l'ensemble du territoire fran\u00e7ais.\",\"breadcrumb\":{\"@id\":\"https:\/\/website.rgconseils.fr\/rj174406-ovh\/actualites-fiches-conseil\/#breadcrumb\"},\"inLanguage\":\"fr-FR\",\"potentialAction\":[{\"@type\":\"ReadAction\",\"target\":[\"https:\/\/website.rgconseils.fr\/rj174406-ovh\/actualites-fiches-conseil\/\"]}]},{\"@type\":\"ImageObject\",\"inLanguage\":\"fr-FR\",\"@id\":\"https:\/\/website.rgconseils.fr\/rj174406-ovh\/actualites-fiches-conseil\/#primaryimage\",\"url\":\"https:\/\/website.rgconseils.fr\/rj174406-ovh\/wp-content\/uploads\/2023\/10\/panneauxsolaires.jpg\",\"contentUrl\":\"https:\/\/website.rgconseils.fr\/rj174406-ovh\/wp-content\/uploads\/2023\/10\/panneauxsolaires.jpg\",\"width\":810,\"height\":540},{\"@type\":\"BreadcrumbList\",\"@id\":\"https:\/\/website.rgconseils.fr\/rj174406-ovh\/actualites-fiches-conseil\/#breadcrumb\",\"itemListElement\":[{\"@type\":\"ListItem\",\"position\":1,\"name\":\"Accueil\",\"item\":\"https:\/\/website.rgconseils.fr\/rj174406-ovh\/\"},{\"@type\":\"ListItem\",\"position\":2,\"name\":\"Actualit\u00e9s et fiches conseil\"}]},{\"@type\":\"WebSite\",\"@id\":\"https:\/\/website.rgconseils.fr\/rj174406-ovh\/#website\",\"url\":\"https:\/\/website.rgconseils.fr\/rj174406-ovh\/\",\"name\":\"Expertise comptable et Commissariat aux comptes\",\"description\":\"Notre expertise votre r\u00e9ussite\",\"publisher\":{\"@id\":\"https:\/\/website.rgconseils.fr\/rj174406-ovh\/#organization\"},\"potentialAction\":[{\"@type\":\"SearchAction\",\"target\":{\"@type\":\"EntryPoint\",\"urlTemplate\":\"https:\/\/website.rgconseils.fr\/rj174406-ovh\/?s={search_term_string}\"},\"query-input\":{\"@type\":\"PropertyValueSpecification\",\"valueRequired\":true,\"valueName\":\"search_term_string\"}}],\"inLanguage\":\"fr-FR\"},{\"@type\":\"Organization\",\"@id\":\"https:\/\/website.rgconseils.fr\/rj174406-ovh\/#organization\",\"name\":\"Rg Conseils\",\"alternateName\":\"Expertise comptable et commissariat aux comptes\",\"url\":\"https:\/\/website.rgconseils.fr\/rj174406-ovh\/\",\"logo\":{\"@type\":\"ImageObject\",\"inLanguage\":\"fr-FR\",\"@id\":\"https:\/\/website.rgconseils.fr\/rj174406-ovh\/#\/schema\/logo\/image\/\",\"url\":\"https:\/\/website.rgconseils.fr\/rj174406-ovh\/wp-content\/uploads\/2023\/07\/Logo-RG-Conseils-fond-blanc.jpg\",\"contentUrl\":\"https:\/\/website.rgconseils.fr\/rj174406-ovh\/wp-content\/uploads\/2023\/07\/Logo-RG-Conseils-fond-blanc.jpg\",\"width\":1226,\"height\":1454,\"caption\":\"Rg Conseils\"},\"image\":{\"@id\":\"https:\/\/website.rgconseils.fr\/rj174406-ovh\/#\/schema\/logo\/image\/\"}}]}<\/script>\n<!-- \/ Yoast SEO plugin. -->","yoast_head_json":{"title":"Actualit\u00e9s et fiches conseil - Expertise comptable et Commissariat aux comptes","description":"Cabinets d'expertise comptable et de commissariat aux comptes bas\u00e9s \u00e0 Nevers et \u00e0 Corbigny. Prestations sur l'ensemble du territoire fran\u00e7ais.","robots":{"index":"index","follow":"follow","max-snippet":"max-snippet:-1","max-image-preview":"max-image-preview:large","max-video-preview":"max-video-preview:-1"},"canonical":"https:\/\/website.rgconseils.fr\/rj174406-ovh\/actualites-fiches-conseil\/","og_locale":"fr_FR","og_type":"article","og_title":"Actualit\u00e9s et fiches conseil - Expertise comptable et Commissariat aux comptes","og_description":"Cabinets d'expertise comptable et de commissariat aux comptes bas\u00e9s \u00e0 Nevers et \u00e0 Corbigny. Prestations sur l'ensemble du territoire fran\u00e7ais.","og_url":"https:\/\/website.rgconseils.fr\/rj174406-ovh\/actualites-fiches-conseil\/","og_site_name":"Expertise comptable et Commissariat aux comptes","article_modified_time":"2023-10-24T12:00:13+00:00","og_image":[{"url":"https:\/\/website.rgconseils.fr\/rj174406-ovh\/wp-content\/uploads\/2023\/10\/panneauxsolaires.jpg","type":"","width":"","height":""}],"twitter_card":"summary_large_image","twitter_misc":{"Dur\u00e9e de lecture estim\u00e9e":"2 minutes"},"schema":{"@context":"https:\/\/schema.org","@graph":[{"@type":"WebPage","@id":"https:\/\/website.rgconseils.fr\/rj174406-ovh\/actualites-fiches-conseil\/","url":"https:\/\/website.rgconseils.fr\/rj174406-ovh\/actualites-fiches-conseil\/","name":"Actualit\u00e9s et fiches conseil - Expertise comptable et Commissariat aux comptes","isPartOf":{"@id":"https:\/\/website.rgconseils.fr\/rj174406-ovh\/#website"},"primaryImageOfPage":{"@id":"https:\/\/website.rgconseils.fr\/rj174406-ovh\/actualites-fiches-conseil\/#primaryimage"},"image":{"@id":"https:\/\/website.rgconseils.fr\/rj174406-ovh\/actualites-fiches-conseil\/#primaryimage"},"thumbnailUrl":"https:\/\/website.rgconseils.fr\/rj174406-ovh\/wp-content\/uploads\/2023\/10\/panneauxsolaires.jpg","datePublished":"2023-07-27T12:10:29+00:00","dateModified":"2023-10-24T12:00:13+00:00","description":"Cabinets d'expertise comptable et de commissariat aux comptes bas\u00e9s \u00e0 Nevers et \u00e0 Corbigny. Prestations sur l'ensemble du territoire fran\u00e7ais.","breadcrumb":{"@id":"https:\/\/website.rgconseils.fr\/rj174406-ovh\/actualites-fiches-conseil\/#breadcrumb"},"inLanguage":"fr-FR","potentialAction":[{"@type":"ReadAction","target":["https:\/\/website.rgconseils.fr\/rj174406-ovh\/actualites-fiches-conseil\/"]}]},{"@type":"ImageObject","inLanguage":"fr-FR","@id":"https:\/\/website.rgconseils.fr\/rj174406-ovh\/actualites-fiches-conseil\/#primaryimage","url":"https:\/\/website.rgconseils.fr\/rj174406-ovh\/wp-content\/uploads\/2023\/10\/panneauxsolaires.jpg","contentUrl":"https:\/\/website.rgconseils.fr\/rj174406-ovh\/wp-content\/uploads\/2023\/10\/panneauxsolaires.jpg","width":810,"height":540},{"@type":"BreadcrumbList","@id":"https:\/\/website.rgconseils.fr\/rj174406-ovh\/actualites-fiches-conseil\/#breadcrumb","itemListElement":[{"@type":"ListItem","position":1,"name":"Accueil","item":"https:\/\/website.rgconseils.fr\/rj174406-ovh\/"},{"@type":"ListItem","position":2,"name":"Actualit\u00e9s et fiches conseil"}]},{"@type":"WebSite","@id":"https:\/\/website.rgconseils.fr\/rj174406-ovh\/#website","url":"https:\/\/website.rgconseils.fr\/rj174406-ovh\/","name":"Expertise comptable et Commissariat aux comptes","description":"Notre expertise votre r\u00e9ussite","publisher":{"@id":"https:\/\/website.rgconseils.fr\/rj174406-ovh\/#organization"},"potentialAction":[{"@type":"SearchAction","target":{"@type":"EntryPoint","urlTemplate":"https:\/\/website.rgconseils.fr\/rj174406-ovh\/?s={search_term_string}"},"query-input":{"@type":"PropertyValueSpecification","valueRequired":true,"valueName":"search_term_string"}}],"inLanguage":"fr-FR"},{"@type":"Organization","@id":"https:\/\/website.rgconseils.fr\/rj174406-ovh\/#organization","name":"Rg Conseils","alternateName":"Expertise comptable et commissariat aux comptes","url":"https:\/\/website.rgconseils.fr\/rj174406-ovh\/","logo":{"@type":"ImageObject","inLanguage":"fr-FR","@id":"https:\/\/website.rgconseils.fr\/rj174406-ovh\/#\/schema\/logo\/image\/","url":"https:\/\/website.rgconseils.fr\/rj174406-ovh\/wp-content\/uploads\/2023\/07\/Logo-RG-Conseils-fond-blanc.jpg","contentUrl":"https:\/\/website.rgconseils.fr\/rj174406-ovh\/wp-content\/uploads\/2023\/07\/Logo-RG-Conseils-fond-blanc.jpg","width":1226,"height":1454,"caption":"Rg Conseils"},"image":{"@id":"https:\/\/website.rgconseils.fr\/rj174406-ovh\/#\/schema\/logo\/image\/"}}]}},"_links":{"self":[{"href":"https:\/\/website.rgconseils.fr\/rj174406-ovh\/wp-json\/wp\/v2\/pages\/2","targetHints":{"allow":["GET"]}}],"collection":[{"href":"https:\/\/website.rgconseils.fr\/rj174406-ovh\/wp-json\/wp\/v2\/pages"}],"about":[{"href":"https:\/\/website.rgconseils.fr\/rj174406-ovh\/wp-json\/wp\/v2\/types\/page"}],"author":[{"embeddable":true,"href":"https:\/\/website.rgconseils.fr\/rj174406-ovh\/wp-json\/wp\/v2\/users\/1"}],"replies":[{"embeddable":true,"href":"https:\/\/website.rgconseils.fr\/rj174406-ovh\/wp-json\/wp\/v2\/comments?post=2"}],"version-history":[{"count":53,"href":"https:\/\/website.rgconseils.fr\/rj174406-ovh\/wp-json\/wp\/v2\/pages\/2\/revisions"}],"predecessor-version":[{"id":1022,"href":"https:\/\/website.rgconseils.fr\/rj174406-ovh\/wp-json\/wp\/v2\/pages\/2\/revisions\/1022"}],"wp:attachment":[{"href":"https:\/\/website.rgconseils.fr\/rj174406-ovh\/wp-json\/wp\/v2\/media?parent=2"}],"curies":[{"name":"wp","href":"https:\/\/api.w.org\/{rel}","templated":true}]}}