{"id":33,"date":"2023-07-28T15:36:04","date_gmt":"2023-07-28T13:36:04","guid":{"rendered":"http:\/\/website.rgconseils.fr\/rj174406-ovh\/?page_id=33"},"modified":"2023-10-18T09:43:50","modified_gmt":"2023-10-18T07:43:50","slug":"le-cabinet","status":"publish","type":"page","link":"https:\/\/website.rgconseils.fr\/rj174406-ovh\/le-cabinet\/","title":{"rendered":"Le cabinet"},"content":{"rendered":"\t\t<div data-elementor-type=\"wp-page\" data-elementor-id=\"33\" class=\"elementor elementor-33\">\n\t\t\t\t\t\t<section class=\"elementor-section elementor-top-section elementor-element elementor-element-7be8bc3 elementor-section-boxed elementor-section-height-default elementor-section-height-default\" data-id=\"7be8bc3\" data-element_type=\"section\">\n\t\t\t\t\t\t<div class=\"elementor-container elementor-column-gap-default\">\n\t\t\t\t\t<div class=\"elementor-column elementor-col-100 elementor-top-column elementor-element elementor-element-cd4c399\" data-id=\"cd4c399\" data-element_type=\"column\">\n\t\t\t<div class=\"elementor-widget-wrap\">\n\t\t\t\t\t\t\t<\/div>\n\t\t<\/div>\n\t\t\t\t\t<\/div>\n\t\t<\/section>\n\t\t\t\t<section class=\"elementor-section elementor-top-section elementor-element elementor-element-60d4da9 elementor-section-boxed elementor-section-height-default elementor-section-height-default\" data-id=\"60d4da9\" data-element_type=\"section\">\n\t\t\t\t\t\t<div class=\"elementor-container elementor-column-gap-default\">\n\t\t\t\t\t<div class=\"elementor-column elementor-col-100 elementor-top-column elementor-element elementor-element-fcd4a0e\" data-id=\"fcd4a0e\" data-element_type=\"column\">\n\t\t\t<div class=\"elementor-widget-wrap elementor-element-populated\">\n\t\t\t\t\t\t<div class=\"elementor-element elementor-element-1675ae6 elementor-widget elementor-widget-text-editor\" data-id=\"1675ae6\" data-element_type=\"widget\" data-settings=\"{&quot;_animation&quot;:&quot;none&quot;}\" data-widget_type=\"text-editor.default\">\n\t\t\t\t<div class=\"elementor-widget-container\">\n\t\t\t\t\t\t\t\t\t<p class=\"centeronmobile\" style=\"padding-left: 40px;\">Nous sommes un cabinet \u00e0 taille humaine, compos\u00e9 de plusieurs \u00e9quipes de professionnels sp\u00e9cialis\u00e9es en :<\/p><ul><li style=\"list-style-type: none;\"><ul><li style=\"list-style-type: none;\"><ul class=\"plus centeronmobile\"><li style=\"text-align: left;\">Comptabilit\u00e9<\/li><li style=\"text-align: left;\">Gestion sociale &amp; RH<\/li><li style=\"text-align: left;\">Juridique<\/li><li style=\"text-align: left;\">Fiscalit\u00e9<\/li><li style=\"text-align: left;\">Audit<\/li><\/ul><\/li><\/ul><\/li><\/ul>\t\t\t\t\t\t\t\t<\/div>\n\t\t\t\t<\/div>\n\t\t\t\t<div class=\"elementor-element elementor-element-f8da5e6 elementor-widget elementor-widget-spacer\" data-id=\"f8da5e6\" data-element_type=\"widget\" data-widget_type=\"spacer.default\">\n\t\t\t\t<div class=\"elementor-widget-container\">\n\t\t\t\t\t\t\t<div class=\"elementor-spacer\">\n\t\t\t<div class=\"elementor-spacer-inner\"><\/div>\n\t\t<\/div>\n\t\t\t\t\t\t<\/div>\n\t\t\t\t<\/div>\n\t\t\t\t\t<\/div>\n\t\t<\/div>\n\t\t\t\t\t<\/div>\n\t\t<\/section>\n\t\t\t\t<section class=\"elementor-section elementor-top-section elementor-element elementor-element-49b84c2 elementor-section-boxed elementor-section-height-default elementor-section-height-default\" data-id=\"49b84c2\" data-element_type=\"section\">\n\t\t\t\t\t\t<div class=\"elementor-container elementor-column-gap-default\">\n\t\t\t\t\t<div class=\"elementor-column elementor-col-100 elementor-top-column elementor-element elementor-element-d213889\" data-id=\"d213889\" data-element_type=\"column\">\n\t\t\t<div class=\"elementor-widget-wrap elementor-element-populated\">\n\t\t\t\t\t\t<div class=\"elementor-element elementor-element-18a9c93 elementor-widget elementor-widget-text-editor\" data-id=\"18a9c93\" data-element_type=\"widget\" data-widget_type=\"text-editor.default\">\n\t\t\t\t<div class=\"elementor-widget-container\">\n\t\t\t\t\t\t\t\t\t<h3 class=\"bl wp-block-heading\" style=\"padding-left: 40px;\"><span style=\"color: #6b5a5a;\">Valeur ajout\u00e9e des \u00e9quipes<\/span><\/h3><ul><li style=\"list-style-type: none;\"><ul><li style=\"list-style-type: none;\"><ul class=\"bl tick\"><li><span style=\"color: #6b5a5a;\">Une exp\u00e9rience de plus de 30 ans\u00a0dans l\u2019accompagnement des entrepreneurs, des agriculteurs et des professions lib\u00e9rales.<\/span><\/li><li><span style=\"color: #6b5a5a;\">Des associ\u00e9s Experts-comptables disponibles et accessibles.<\/span><\/li><li><span style=\"color: #6b5a5a;\">Des outils innovants.<\/span><\/li><li><span style=\"color: #6b5a5a;\">Des process 100% digitaux pour vous faciliter la vie, avec une pr\u00e9sence humaine pour toujours vous assurer un soutien de qualit\u00e9.<\/span><\/li><li><span style=\"color: #6b5a5a;\">Des services sur mesures pour les entrepreneurs, les agriculteurs et les professions lib\u00e9rales.<\/span><\/li><li><span style=\"color: #6b5a5a;\">Des partenaires de confiance : avocats (fiscalistes, social), notaires (transmission, optimisation fiscale) et financiers (gestion patrimoniale) qui sauront r\u00e9pondre \u00e0 vos questions sp\u00e9cifiques.<\/span><\/li><\/ul><\/li><\/ul><\/li><\/ul>\t\t\t\t\t\t\t\t<\/div>\n\t\t\t\t<\/div>\n\t\t\t\t\t<\/div>\n\t\t<\/div>\n\t\t\t\t\t<\/div>\n\t\t<\/section>\n\t\t\t\t<section class=\"elementor-section elementor-top-section elementor-element elementor-element-36a2033 elementor-section-boxed elementor-section-height-default elementor-section-height-default\" data-id=\"36a2033\" data-element_type=\"section\">\n\t\t\t\t\t\t<div class=\"elementor-container elementor-column-gap-default\">\n\t\t\t\t\t<div class=\"elementor-column elementor-col-100 elementor-top-column elementor-element elementor-element-072a7c6\" data-id=\"072a7c6\" data-element_type=\"column\">\n\t\t\t<div class=\"elementor-widget-wrap elementor-element-populated\">\n\t\t\t\t\t\t<div class=\"elementor-element elementor-element-08c69f6 elementor-widget elementor-widget-spacer\" data-id=\"08c69f6\" data-element_type=\"widget\" data-widget_type=\"spacer.default\">\n\t\t\t\t<div class=\"elementor-widget-container\">\n\t\t\t\t\t\t\t<div class=\"elementor-spacer\">\n\t\t\t<div class=\"elementor-spacer-inner\"><\/div>\n\t\t<\/div>\n\t\t\t\t\t\t<\/div>\n\t\t\t\t<\/div>\n\t\t\t\t<div class=\"elementor-element elementor-element-573bedd elementor-widget elementor-widget-heading\" data-id=\"573bedd\" data-element_type=\"widget\" data-widget_type=\"heading.default\">\n\t\t\t\t<div class=\"elementor-widget-container\">\n\t\t\t\t\t<h2 class=\"elementor-heading-title elementor-size-default\">D\u00e9couvrez nos \u00e9quipes<\/h2>\t\t\t\t<\/div>\n\t\t\t\t<\/div>\n\t\t\t\t\t<\/div>\n\t\t<\/div>\n\t\t\t\t\t<\/div>\n\t\t<\/section>\n\t\t\t\t<section class=\"elementor-section elementor-top-section elementor-element elementor-element-d9ad890 elementor-section-boxed elementor-section-height-default elementor-section-height-default\" data-id=\"d9ad890\" data-element_type=\"section\">\n\t\t\t\t\t\t<div class=\"elementor-container elementor-column-gap-default\">\n\t\t\t\t\t<div class=\"elementor-column elementor-col-100 elementor-top-column elementor-element elementor-element-4ba39f6\" data-id=\"4ba39f6\" data-element_type=\"column\">\n\t\t\t<div class=\"elementor-widget-wrap elementor-element-populated\">\n\t\t\t\t\t\t<div class=\"elementor-element elementor-element-28c96ac elementor-widget elementor-widget-text-editor\" data-id=\"28c96ac\" data-element_type=\"widget\" data-widget_type=\"text-editor.default\">\n\t\t\t\t<div class=\"elementor-widget-container\">\n\t\t\t\t\t\t\t\t\t<ul><li style=\"list-style-type: none;\"><ul><li style=\"list-style-type: none;\"><ul class=\"bl tick\"><li><span style=\"color: #6b5a5a;\">Expert-comptable et commissaire aux comptes<\/span><\/li><li>Chef de mission<\/li><li>Responsable de dossier<\/li><li>Collaborateur(trice)<\/li><li>Gestionnaire de paie<\/li><li>Responsable administrative<\/li><li>Responsable des Syst\u00e8mes d&rsquo;Information<\/li><\/ul><\/li><\/ul><\/li><\/ul>\t\t\t\t\t\t\t\t<\/div>\n\t\t\t\t<\/div>\n\t\t\t\t\t<\/div>\n\t\t<\/div>\n\t\t\t\t\t<\/div>\n\t\t<\/section>\n\t\t\t\t<section class=\"elementor-section elementor-top-section elementor-element elementor-element-3d9d192 elementor-section-boxed elementor-section-height-default elementor-section-height-default\" data-id=\"3d9d192\" data-element_type=\"section\">\n\t\t\t\t\t\t<div class=\"elementor-container elementor-column-gap-default\">\n\t\t\t\t\t<div class=\"elementor-column elementor-col-100 elementor-top-column elementor-element elementor-element-bc89401\" data-id=\"bc89401\" data-element_type=\"column\">\n\t\t\t<div class=\"elementor-widget-wrap elementor-element-populated\">\n\t\t\t\t\t\t<div class=\"elementor-element elementor-element-89c3641 elementor-widget elementor-widget-spacer\" data-id=\"89c3641\" data-element_type=\"widget\" data-widget_type=\"spacer.default\">\n\t\t\t\t<div class=\"elementor-widget-container\">\n\t\t\t\t\t\t\t<div class=\"elementor-spacer\">\n\t\t\t<div class=\"elementor-spacer-inner\"><\/div>\n\t\t<\/div>\n\t\t\t\t\t\t<\/div>\n\t\t\t\t<\/div>\n\t\t\t\t<div class=\"elementor-element elementor-element-4cd402f elementor-widget elementor-widget-heading\" data-id=\"4cd402f\" data-element_type=\"widget\" data-widget_type=\"heading.default\">\n\t\t\t\t<div class=\"elementor-widget-container\">\n\t\t\t\t\t<h2 class=\"elementor-heading-title elementor-size-default\">D\u00e9couvrez nos partenaires<\/h2>\t\t\t\t<\/div>\n\t\t\t\t<\/div>\n\t\t\t\t\t<\/div>\n\t\t<\/div>\n\t\t\t\t\t<\/div>\n\t\t<\/section>\n\t\t\t\t<section class=\"elementor-section elementor-top-section elementor-element elementor-element-e47a6e3 elementor-section-boxed elementor-section-height-default elementor-section-height-default\" data-id=\"e47a6e3\" data-element_type=\"section\">\n\t\t\t\t\t\t<div class=\"elementor-container elementor-column-gap-default\">\n\t\t\t\t\t<div class=\"elementor-column elementor-col-100 elementor-top-column elementor-element elementor-element-d082d0c\" data-id=\"d082d0c\" data-element_type=\"column\">\n\t\t\t<div class=\"elementor-widget-wrap elementor-element-populated\">\n\t\t\t\t\t\t<div class=\"elementor-element elementor-element-e8e389b elementor-arrows-position-inside elementor-pagination-position-outside elementor-widget elementor-widget-image-carousel\" data-id=\"e8e389b\" data-element_type=\"widget\" data-settings=\"{&quot;autoplay_speed&quot;:2000,&quot;navigation&quot;:&quot;both&quot;,&quot;autoplay&quot;:&quot;yes&quot;,&quot;pause_on_hover&quot;:&quot;yes&quot;,&quot;pause_on_interaction&quot;:&quot;yes&quot;,&quot;infinite&quot;:&quot;yes&quot;,&quot;speed&quot;:500}\" data-widget_type=\"image-carousel.default\">\n\t\t\t\t<div class=\"elementor-widget-container\">\n\t\t\t\t\t\t\t<div class=\"elementor-image-carousel-wrapper swiper\" role=\"region\" aria-roledescription=\"carousel\" aria-label=\"Carrousel d\u2019images\" dir=\"ltr\">\n\t\t\t<div class=\"elementor-image-carousel swiper-wrapper\" aria-live=\"off\">\n\t\t\t\t\t\t\t\t<div class=\"swiper-slide\" role=\"group\" aria-roledescription=\"slide\" aria-label=\"1 sur 4\"><figure class=\"swiper-slide-inner\"><img decoding=\"async\" class=\"swiper-slide-image\" src=\"https:\/\/website.rgconseils.fr\/rj174406-ovh\/wp-content\/uploads\/2023\/08\/ACD-logo-2021-RVB-1-300x212.png\" alt=\"ACD-logo-2021-RVB (1)\" \/><\/figure><\/div><div class=\"swiper-slide\" role=\"group\" aria-roledescription=\"slide\" aria-label=\"2 sur 4\"><figure class=\"swiper-slide-inner\"><img decoding=\"async\" class=\"swiper-slide-image\" src=\"https:\/\/website.rgconseils.fr\/rj174406-ovh\/wp-content\/uploads\/2023\/08\/dematbox-300x188.jpg\" alt=\"dematbox\" \/><\/figure><\/div><div class=\"swiper-slide\" role=\"group\" aria-roledescription=\"slide\" aria-label=\"3 sur 4\"><figure class=\"swiper-slide-inner\"><img decoding=\"async\" class=\"swiper-slide-image\" src=\"https:\/\/website.rgconseils.fr\/rj174406-ovh\/wp-content\/uploads\/2023\/08\/meg-300x166.png\" alt=\"meg\" \/><\/figure><\/div><div class=\"swiper-slide\" role=\"group\" aria-roledescription=\"slide\" aria-label=\"4 sur 4\"><figure class=\"swiper-slide-inner\"><img decoding=\"async\" class=\"swiper-slide-image\" src=\"https:\/\/website.rgconseils.fr\/rj174406-ovh\/wp-content\/uploads\/2023\/08\/rca-300x150.jpg\" alt=\"rca\" \/><\/figure><\/div>\t\t\t<\/div>\n\t\t\t\t\t\t\t\t\t\t\t\t<div class=\"elementor-swiper-button elementor-swiper-button-prev\" role=\"button\" tabindex=\"0\">\n\t\t\t\t\t\t<i aria-hidden=\"true\" class=\"eicon-chevron-left\"><\/i>\t\t\t\t\t<\/div>\n\t\t\t\t\t<div class=\"elementor-swiper-button elementor-swiper-button-next\" role=\"button\" tabindex=\"0\">\n\t\t\t\t\t\t<i aria-hidden=\"true\" class=\"eicon-chevron-right\"><\/i>\t\t\t\t\t<\/div>\n\t\t\t\t\n\t\t\t\t\t\t\t\t\t<div class=\"swiper-pagination\"><\/div>\n\t\t\t\t\t\t\t\t\t<\/div>\n\t\t\t\t\t\t<\/div>\n\t\t\t\t<\/div>\n\t\t\t\t\t<\/div>\n\t\t<\/div>\n\t\t\t\t\t<\/div>\n\t\t<\/section>\n\t\t\t\t<\/div>\n\t\t","protected":false},"excerpt":{"rendered":"<p>Nous sommes un cabinet \u00e0 taille humaine, compos\u00e9 de plusieurs \u00e9quipes de professionnels sp\u00e9cialis\u00e9es en : Comptabilit\u00e9 Gestion sociale &amp; RH Juridique Fiscalit\u00e9 Audit Valeur ajout\u00e9e des \u00e9quipes Une exp\u00e9rience de plus de 30 ans\u00a0dans l\u2019accompagnement des entrepreneurs, des agriculteurs et des professions lib\u00e9rales. Des associ\u00e9s Experts-comptables disponibles et accessibles. Des outils innovants. Des process &hellip; <\/p>\n<p class=\"link-more\"><a href=\"https:\/\/website.rgconseils.fr\/rj174406-ovh\/le-cabinet\/\" class=\"more-link\">Lire la suite de<span class=\"screen-reader-text\">\u00ab\u00a0Le cabinet\u00a0\u00bb<\/span><\/a><\/p>\n","protected":false},"author":1,"featured_media":0,"parent":0,"menu_order":0,"comment_status":"closed","ping_status":"closed","template":"","meta":{"footnotes":""},"class_list":["post-33","page","type-page","status-publish","hentry"],"yoast_head":"<!-- This site is optimized with the Yoast SEO plugin v24.6 - https:\/\/yoast.com\/wordpress\/plugins\/seo\/ -->\n<title>Le cabinet - Expertise comptable et Commissariat aux comptes<\/title>\n<meta name=\"description\" content=\"Cabinets d&#039;expertise comptable et de commissariat aux comptes bas\u00e9s \u00e0 Nevers et \u00e0 Corbigny. Prestations sur l&#039;ensemble du territoire fran\u00e7ais.\" \/>\n<meta name=\"robots\" content=\"index, follow, max-snippet:-1, max-image-preview:large, max-video-preview:-1\" \/>\n<link rel=\"canonical\" href=\"https:\/\/website.rgconseils.fr\/rj174406-ovh\/le-cabinet\/\" \/>\n<meta property=\"og:locale\" content=\"fr_FR\" \/>\n<meta property=\"og:type\" content=\"article\" \/>\n<meta property=\"og:title\" content=\"Le cabinet - Expertise comptable et Commissariat aux comptes\" \/>\n<meta property=\"og:description\" content=\"Cabinets d&#039;expertise comptable et de commissariat aux comptes bas\u00e9s \u00e0 Nevers et \u00e0 Corbigny. Prestations sur l&#039;ensemble du territoire fran\u00e7ais.\" \/>\n<meta property=\"og:url\" content=\"https:\/\/website.rgconseils.fr\/rj174406-ovh\/le-cabinet\/\" \/>\n<meta property=\"og:site_name\" content=\"Expertise comptable et Commissariat aux comptes\" \/>\n<meta property=\"article:modified_time\" content=\"2023-10-18T07:43:50+00:00\" \/>\n<meta property=\"og:image\" content=\"https:\/\/website.rgconseils.fr\/rj174406-ovh\/wp-content\/uploads\/2023\/08\/ACD-logo-2021-RVB-1-300x212.png\" \/>\n<meta name=\"twitter:card\" content=\"summary_large_image\" \/>\n<meta name=\"twitter:label1\" content=\"Dur\u00e9e de lecture estim\u00e9e\" \/>\n\t<meta name=\"twitter:data1\" content=\"3 minutes\" \/>\n<script type=\"application\/ld+json\" class=\"yoast-schema-graph\">{\"@context\":\"https:\/\/schema.org\",\"@graph\":[{\"@type\":\"WebPage\",\"@id\":\"https:\/\/website.rgconseils.fr\/rj174406-ovh\/le-cabinet\/\",\"url\":\"https:\/\/website.rgconseils.fr\/rj174406-ovh\/le-cabinet\/\",\"name\":\"Le cabinet - Expertise comptable et Commissariat aux comptes\",\"isPartOf\":{\"@id\":\"https:\/\/website.rgconseils.fr\/rj174406-ovh\/#website\"},\"primaryImageOfPage\":{\"@id\":\"https:\/\/website.rgconseils.fr\/rj174406-ovh\/le-cabinet\/#primaryimage\"},\"image\":{\"@id\":\"https:\/\/website.rgconseils.fr\/rj174406-ovh\/le-cabinet\/#primaryimage\"},\"thumbnailUrl\":\"https:\/\/website.rgconseils.fr\/rj174406-ovh\/wp-content\/uploads\/2023\/08\/ACD-logo-2021-RVB-1-300x212.png\",\"datePublished\":\"2023-07-28T13:36:04+00:00\",\"dateModified\":\"2023-10-18T07:43:50+00:00\",\"description\":\"Cabinets d'expertise comptable et de commissariat aux comptes bas\u00e9s \u00e0 Nevers et \u00e0 Corbigny. Prestations sur l'ensemble du territoire fran\u00e7ais.\",\"breadcrumb\":{\"@id\":\"https:\/\/website.rgconseils.fr\/rj174406-ovh\/le-cabinet\/#breadcrumb\"},\"inLanguage\":\"fr-FR\",\"potentialAction\":[{\"@type\":\"ReadAction\",\"target\":[\"https:\/\/website.rgconseils.fr\/rj174406-ovh\/le-cabinet\/\"]}]},{\"@type\":\"ImageObject\",\"inLanguage\":\"fr-FR\",\"@id\":\"https:\/\/website.rgconseils.fr\/rj174406-ovh\/le-cabinet\/#primaryimage\",\"url\":\"https:\/\/website.rgconseils.fr\/rj174406-ovh\/wp-content\/uploads\/2023\/08\/ACD-logo-2021-RVB-1.png\",\"contentUrl\":\"https:\/\/website.rgconseils.fr\/rj174406-ovh\/wp-content\/uploads\/2023\/08\/ACD-logo-2021-RVB-1.png\",\"width\":3509,\"height\":2482},{\"@type\":\"BreadcrumbList\",\"@id\":\"https:\/\/website.rgconseils.fr\/rj174406-ovh\/le-cabinet\/#breadcrumb\",\"itemListElement\":[{\"@type\":\"ListItem\",\"position\":1,\"name\":\"Accueil\",\"item\":\"https:\/\/website.rgconseils.fr\/rj174406-ovh\/\"},{\"@type\":\"ListItem\",\"position\":2,\"name\":\"Le cabinet\"}]},{\"@type\":\"WebSite\",\"@id\":\"https:\/\/website.rgconseils.fr\/rj174406-ovh\/#website\",\"url\":\"https:\/\/website.rgconseils.fr\/rj174406-ovh\/\",\"name\":\"Expertise comptable et Commissariat aux comptes\",\"description\":\"Notre expertise votre r\u00e9ussite\",\"publisher\":{\"@id\":\"https:\/\/website.rgconseils.fr\/rj174406-ovh\/#organization\"},\"potentialAction\":[{\"@type\":\"SearchAction\",\"target\":{\"@type\":\"EntryPoint\",\"urlTemplate\":\"https:\/\/website.rgconseils.fr\/rj174406-ovh\/?s={search_term_string}\"},\"query-input\":{\"@type\":\"PropertyValueSpecification\",\"valueRequired\":true,\"valueName\":\"search_term_string\"}}],\"inLanguage\":\"fr-FR\"},{\"@type\":\"Organization\",\"@id\":\"https:\/\/website.rgconseils.fr\/rj174406-ovh\/#organization\",\"name\":\"Rg Conseils\",\"alternateName\":\"Expertise comptable et commissariat aux comptes\",\"url\":\"https:\/\/website.rgconseils.fr\/rj174406-ovh\/\",\"logo\":{\"@type\":\"ImageObject\",\"inLanguage\":\"fr-FR\",\"@id\":\"https:\/\/website.rgconseils.fr\/rj174406-ovh\/#\/schema\/logo\/image\/\",\"url\":\"https:\/\/website.rgconseils.fr\/rj174406-ovh\/wp-content\/uploads\/2023\/07\/Logo-RG-Conseils-fond-blanc.jpg\",\"contentUrl\":\"https:\/\/website.rgconseils.fr\/rj174406-ovh\/wp-content\/uploads\/2023\/07\/Logo-RG-Conseils-fond-blanc.jpg\",\"width\":1226,\"height\":1454,\"caption\":\"Rg Conseils\"},\"image\":{\"@id\":\"https:\/\/website.rgconseils.fr\/rj174406-ovh\/#\/schema\/logo\/image\/\"}}]}<\/script>\n<!-- \/ Yoast SEO plugin. -->","yoast_head_json":{"title":"Le cabinet - Expertise comptable et Commissariat aux comptes","description":"Cabinets d'expertise comptable et de commissariat aux comptes bas\u00e9s \u00e0 Nevers et \u00e0 Corbigny. Prestations sur l'ensemble du territoire fran\u00e7ais.","robots":{"index":"index","follow":"follow","max-snippet":"max-snippet:-1","max-image-preview":"max-image-preview:large","max-video-preview":"max-video-preview:-1"},"canonical":"https:\/\/website.rgconseils.fr\/rj174406-ovh\/le-cabinet\/","og_locale":"fr_FR","og_type":"article","og_title":"Le cabinet - Expertise comptable et Commissariat aux comptes","og_description":"Cabinets d'expertise comptable et de commissariat aux comptes bas\u00e9s \u00e0 Nevers et \u00e0 Corbigny. Prestations sur l'ensemble du territoire fran\u00e7ais.","og_url":"https:\/\/website.rgconseils.fr\/rj174406-ovh\/le-cabinet\/","og_site_name":"Expertise comptable et Commissariat aux comptes","article_modified_time":"2023-10-18T07:43:50+00:00","og_image":[{"url":"https:\/\/website.rgconseils.fr\/rj174406-ovh\/wp-content\/uploads\/2023\/08\/ACD-logo-2021-RVB-1-300x212.png","type":"","width":"","height":""}],"twitter_card":"summary_large_image","twitter_misc":{"Dur\u00e9e de lecture estim\u00e9e":"3 minutes"},"schema":{"@context":"https:\/\/schema.org","@graph":[{"@type":"WebPage","@id":"https:\/\/website.rgconseils.fr\/rj174406-ovh\/le-cabinet\/","url":"https:\/\/website.rgconseils.fr\/rj174406-ovh\/le-cabinet\/","name":"Le cabinet - Expertise comptable et Commissariat aux comptes","isPartOf":{"@id":"https:\/\/website.rgconseils.fr\/rj174406-ovh\/#website"},"primaryImageOfPage":{"@id":"https:\/\/website.rgconseils.fr\/rj174406-ovh\/le-cabinet\/#primaryimage"},"image":{"@id":"https:\/\/website.rgconseils.fr\/rj174406-ovh\/le-cabinet\/#primaryimage"},"thumbnailUrl":"https:\/\/website.rgconseils.fr\/rj174406-ovh\/wp-content\/uploads\/2023\/08\/ACD-logo-2021-RVB-1-300x212.png","datePublished":"2023-07-28T13:36:04+00:00","dateModified":"2023-10-18T07:43:50+00:00","description":"Cabinets d'expertise comptable et de commissariat aux comptes bas\u00e9s \u00e0 Nevers et \u00e0 Corbigny. Prestations sur l'ensemble du territoire fran\u00e7ais.","breadcrumb":{"@id":"https:\/\/website.rgconseils.fr\/rj174406-ovh\/le-cabinet\/#breadcrumb"},"inLanguage":"fr-FR","potentialAction":[{"@type":"ReadAction","target":["https:\/\/website.rgconseils.fr\/rj174406-ovh\/le-cabinet\/"]}]},{"@type":"ImageObject","inLanguage":"fr-FR","@id":"https:\/\/website.rgconseils.fr\/rj174406-ovh\/le-cabinet\/#primaryimage","url":"https:\/\/website.rgconseils.fr\/rj174406-ovh\/wp-content\/uploads\/2023\/08\/ACD-logo-2021-RVB-1.png","contentUrl":"https:\/\/website.rgconseils.fr\/rj174406-ovh\/wp-content\/uploads\/2023\/08\/ACD-logo-2021-RVB-1.png","width":3509,"height":2482},{"@type":"BreadcrumbList","@id":"https:\/\/website.rgconseils.fr\/rj174406-ovh\/le-cabinet\/#breadcrumb","itemListElement":[{"@type":"ListItem","position":1,"name":"Accueil","item":"https:\/\/website.rgconseils.fr\/rj174406-ovh\/"},{"@type":"ListItem","position":2,"name":"Le cabinet"}]},{"@type":"WebSite","@id":"https:\/\/website.rgconseils.fr\/rj174406-ovh\/#website","url":"https:\/\/website.rgconseils.fr\/rj174406-ovh\/","name":"Expertise comptable et Commissariat aux comptes","description":"Notre expertise votre r\u00e9ussite","publisher":{"@id":"https:\/\/website.rgconseils.fr\/rj174406-ovh\/#organization"},"potentialAction":[{"@type":"SearchAction","target":{"@type":"EntryPoint","urlTemplate":"https:\/\/website.rgconseils.fr\/rj174406-ovh\/?s={search_term_string}"},"query-input":{"@type":"PropertyValueSpecification","valueRequired":true,"valueName":"search_term_string"}}],"inLanguage":"fr-FR"},{"@type":"Organization","@id":"https:\/\/website.rgconseils.fr\/rj174406-ovh\/#organization","name":"Rg Conseils","alternateName":"Expertise comptable et commissariat aux comptes","url":"https:\/\/website.rgconseils.fr\/rj174406-ovh\/","logo":{"@type":"ImageObject","inLanguage":"fr-FR","@id":"https:\/\/website.rgconseils.fr\/rj174406-ovh\/#\/schema\/logo\/image\/","url":"https:\/\/website.rgconseils.fr\/rj174406-ovh\/wp-content\/uploads\/2023\/07\/Logo-RG-Conseils-fond-blanc.jpg","contentUrl":"https:\/\/website.rgconseils.fr\/rj174406-ovh\/wp-content\/uploads\/2023\/07\/Logo-RG-Conseils-fond-blanc.jpg","width":1226,"height":1454,"caption":"Rg Conseils"},"image":{"@id":"https:\/\/website.rgconseils.fr\/rj174406-ovh\/#\/schema\/logo\/image\/"}}]}},"_links":{"self":[{"href":"https:\/\/website.rgconseils.fr\/rj174406-ovh\/wp-json\/wp\/v2\/pages\/33","targetHints":{"allow":["GET"]}}],"collection":[{"href":"https:\/\/website.rgconseils.fr\/rj174406-ovh\/wp-json\/wp\/v2\/pages"}],"about":[{"href":"https:\/\/website.rgconseils.fr\/rj174406-ovh\/wp-json\/wp\/v2\/types\/page"}],"author":[{"embeddable":true,"href":"https:\/\/website.rgconseils.fr\/rj174406-ovh\/wp-json\/wp\/v2\/users\/1"}],"replies":[{"embeddable":true,"href":"https:\/\/website.rgconseils.fr\/rj174406-ovh\/wp-json\/wp\/v2\/comments?post=33"}],"version-history":[{"count":119,"href":"https:\/\/website.rgconseils.fr\/rj174406-ovh\/wp-json\/wp\/v2\/pages\/33\/revisions"}],"predecessor-version":[{"id":1009,"href":"https:\/\/website.rgconseils.fr\/rj174406-ovh\/wp-json\/wp\/v2\/pages\/33\/revisions\/1009"}],"wp:attachment":[{"href":"https:\/\/website.rgconseils.fr\/rj174406-ovh\/wp-json\/wp\/v2\/media?parent=33"}],"curies":[{"name":"wp","href":"https:\/\/api.w.org\/{rel}","templated":true}]}}