{"id":65,"date":"2023-08-02T11:13:50","date_gmt":"2023-08-02T09:13:50","guid":{"rendered":"https:\/\/website.rgconseils.fr\/rj174406-ovh\/?page_id=65"},"modified":"2023-10-04T15:10:12","modified_gmt":"2023-10-04T13:10:12","slug":"carrieres","status":"publish","type":"page","link":"https:\/\/website.rgconseils.fr\/rj174406-ovh\/carrieres\/","title":{"rendered":"Carri\u00e8res"},"content":{"rendered":"\t\t<div data-elementor-type=\"wp-page\" data-elementor-id=\"65\" class=\"elementor elementor-65\">\n\t\t\t\t\t\t<section class=\"elementor-section elementor-top-section elementor-element elementor-element-1080bf2 elementor-section-boxed elementor-section-height-default elementor-section-height-default\" data-id=\"1080bf2\" data-element_type=\"section\">\n\t\t\t\t\t\t<div class=\"elementor-container elementor-column-gap-default\">\n\t\t\t\t\t<div class=\"elementor-column elementor-col-33 elementor-top-column elementor-element elementor-element-58b6e64\" data-id=\"58b6e64\" data-element_type=\"column\" data-settings=\"{&quot;background_background&quot;:&quot;classic&quot;}\">\n\t\t\t<div class=\"elementor-widget-wrap elementor-element-populated\">\n\t\t\t\t\t\t<div class=\"elementor-element elementor-element-d4ccdba elementor-widget elementor-widget-heading\" data-id=\"d4ccdba\" data-element_type=\"widget\" data-widget_type=\"heading.default\">\n\t\t\t\t<div class=\"elementor-widget-container\">\n\t\t\t\t\t<h2 class=\"elementor-heading-title elementor-size-default\">COLLABORATEUR COMPTABLE F\/H<\/h2>\t\t\t\t<\/div>\n\t\t\t\t<\/div>\n\t\t\t\t<div class=\"elementor-element elementor-element-d4a389b elementor-widget__width-initial elementor-widget elementor-widget-text-editor\" data-id=\"d4a389b\" data-element_type=\"widget\" data-widget_type=\"text-editor.default\">\n\t\t\t\t<div class=\"elementor-widget-container\">\n\t\t\t\t\t\t\t\t\t<h3><span style=\"margin: 0px; outline: none; font-weight: bold; min-height: 55px; padding-bottom: 25px; display: block; color: #717070; font-family: 'Open Sans', sans-serif; text-align: center; font-size: 22.5px !important;\">CDI<\/span><span style=\"margin: 0px; outline: none; font-weight: bold; min-height: 55px; padding-bottom: 25px; display: block; color: #717070; font-family: 'Open Sans', sans-serif; text-align: center; font-size: 22.5px !important;\">Collaborateur(trice) confirm\u00e9(e)<\/span><\/h3><h3 style=\"margin: 0cm; text-align: center;\"><span style=\"font-family: Arial, sans-serif; color: #808080;\">Titulaire d&rsquo;un dipl\u00f4me de comptabilit\u00e9 de niveau Bac+2 (BTS, DUT, DECF, DCG) minimum et justifiant d&rsquo;une solide exp\u00e9rience en cabinet d&rsquo;expertise-comptable, \u00e0 qui sera confi\u00e9(e) la gestion autonome d&rsquo;un portefeuille de clients de type TPE\/PME.<\/span><\/h3><h3 style=\"margin: 0cm; text-align: center;\"><span style=\"font-family: Arial, sans-serif; color: #808080;\">\u00a0<\/span><span style=\"color: #808080;\">Ce poste est \u00e9volutif.<\/span><\/h3><h3 style=\"margin: 0cm; text-align: center;\"><span style=\"margin: 0px; outline: none; font-weight: bold; min-height: 55px; padding-bottom: 25px; display: block; color: #717070; font-family: 'Open Sans', sans-serif; text-align: center; font-size: 22.5px !important;\">Nevers (58)<\/span><\/h3><p style=\"text-align: center;\">R\u00e9f\u00e9rence de l&rsquo;offre \u00e0 rappeler : 20231003AA<\/p>\t\t\t\t\t\t\t\t<\/div>\n\t\t\t\t<\/div>\n\t\t\t\t<div class=\"elementor-element elementor-element-4694e38 e-transform e-transform elementor-widget elementor-widget-text-editor\" data-id=\"4694e38\" data-element_type=\"widget\" data-settings=\"{&quot;_transform_scale_effect_hover&quot;:{&quot;unit&quot;:&quot;px&quot;,&quot;size&quot;:1.2,&quot;sizes&quot;:[]},&quot;_transform_rotateZ_effect_hover&quot;:{&quot;unit&quot;:&quot;px&quot;,&quot;size&quot;:&quot;&quot;,&quot;sizes&quot;:[]},&quot;_transform_rotateZ_effect_hover_tablet&quot;:{&quot;unit&quot;:&quot;deg&quot;,&quot;size&quot;:&quot;&quot;,&quot;sizes&quot;:[]},&quot;_transform_rotateZ_effect_hover_mobile&quot;:{&quot;unit&quot;:&quot;deg&quot;,&quot;size&quot;:&quot;&quot;,&quot;sizes&quot;:[]},&quot;_transform_scale_effect_hover_tablet&quot;:{&quot;unit&quot;:&quot;px&quot;,&quot;size&quot;:&quot;&quot;,&quot;sizes&quot;:[]},&quot;_transform_scale_effect_hover_mobile&quot;:{&quot;unit&quot;:&quot;px&quot;,&quot;size&quot;:&quot;&quot;,&quot;sizes&quot;:[]}}\" data-widget_type=\"text-editor.default\">\n\t\t\t\t<div class=\"elementor-widget-container\">\n\t\t\t\t\t\t\t\t\t<h3 style=\"text-align: center;\"><span style=\"color: #ffffff;\"><a style=\"color: #ffffff;\" href=\"https:\/\/website.rgconseils.fr\/rj174406-ovh\/contact\/\" target=\"_blank\" rel=\"noopener\">Postuler \u00e0 l&rsquo;offre<\/a><\/span><\/h3>\t\t\t\t\t\t\t\t<\/div>\n\t\t\t\t<\/div>\n\t\t\t\t\t<\/div>\n\t\t<\/div>\n\t\t\t\t<div class=\"elementor-column elementor-col-33 elementor-top-column elementor-element elementor-element-3a21f65\" data-id=\"3a21f65\" data-element_type=\"column\">\n\t\t\t<div class=\"elementor-widget-wrap\">\n\t\t\t\t\t\t\t<\/div>\n\t\t<\/div>\n\t\t\t\t<div class=\"elementor-column elementor-col-33 elementor-top-column elementor-element elementor-element-734abe1\" data-id=\"734abe1\" data-element_type=\"column\" data-settings=\"{&quot;background_background&quot;:&quot;classic&quot;}\">\n\t\t\t<div class=\"elementor-widget-wrap elementor-element-populated\">\n\t\t\t\t\t\t<div class=\"elementor-element elementor-element-596d41e elementor-widget elementor-widget-heading\" data-id=\"596d41e\" data-element_type=\"widget\" data-widget_type=\"heading.default\">\n\t\t\t\t<div class=\"elementor-widget-container\">\n\t\t\t\t\t<h2 class=\"elementor-heading-title elementor-size-default\">COLLABORATEUR COMPTABLE F\/H<\/h2>\t\t\t\t<\/div>\n\t\t\t\t<\/div>\n\t\t\t\t<div class=\"elementor-element elementor-element-5ca114e elementor-widget__width-initial elementor-widget elementor-widget-text-editor\" data-id=\"5ca114e\" data-element_type=\"widget\" data-widget_type=\"text-editor.default\">\n\t\t\t\t<div class=\"elementor-widget-container\">\n\t\t\t\t\t\t\t\t\t<h3><span style=\"margin: 0px; outline: none; font-weight: bold; min-height: 55px; padding-bottom: 25px; display: block; color: #717070; font-family: 'Open Sans', sans-serif; text-align: center; font-size: 22.5px !important;\">CDI<\/span><span style=\"margin: 0px; outline: none; font-weight: bold; min-height: 55px; padding-bottom: 25px; display: block; color: #717070; font-family: 'Open Sans', sans-serif; text-align: center; font-size: 22.5px !important;\">Collaborateur(trice)<\/span><\/h3><h3 style=\"margin: 0cm; text-align: center;\"><span style=\"font-family: Arial, sans-serif; color: #808080;\">Titulaire d&rsquo;un dipl\u00f4me de comptabilit\u00e9 de niveau Bac+2 (BTS, DUT, DECF, DCG) minimum et justifiant d&rsquo;une solide exp\u00e9rience en cabinet d&rsquo;expertise-comptable, \u00e0 qui sera confi\u00e9(e) la tenue d&rsquo;un portefeuille de clients de type TPE\/PME.<\/span><\/h3><h3 style=\"margin: 0cm; text-align: center;\"><span style=\"font-family: Arial, sans-serif; color: #808080;\">\u00a0<\/span><span style=\"color: #808080;\">Ce poste est \u00e9volutif.<\/span><\/h3><h3 style=\"margin: 0cm; text-align: center;\"><span style=\"margin: 0px; outline: none; font-weight: bold; min-height: 55px; padding-bottom: 25px; display: block; color: #717070; font-family: 'Open Sans', sans-serif; text-align: center; font-size: 22.5px !important;\">Nevers (58)<\/span><\/h3><p style=\"text-align: center;\">R\u00e9f\u00e9rence de l&rsquo;offre \u00e0 rappeler : 20231003BB<\/p>\t\t\t\t\t\t\t\t<\/div>\n\t\t\t\t<\/div>\n\t\t\t\t<div class=\"elementor-element elementor-element-97c0a92 e-transform e-transform elementor-widget elementor-widget-text-editor\" data-id=\"97c0a92\" data-element_type=\"widget\" data-settings=\"{&quot;_transform_scale_effect_hover&quot;:{&quot;unit&quot;:&quot;px&quot;,&quot;size&quot;:1.2,&quot;sizes&quot;:[]},&quot;_transform_rotateZ_effect_hover&quot;:{&quot;unit&quot;:&quot;px&quot;,&quot;size&quot;:&quot;&quot;,&quot;sizes&quot;:[]},&quot;_transform_rotateZ_effect_hover_tablet&quot;:{&quot;unit&quot;:&quot;deg&quot;,&quot;size&quot;:&quot;&quot;,&quot;sizes&quot;:[]},&quot;_transform_rotateZ_effect_hover_mobile&quot;:{&quot;unit&quot;:&quot;deg&quot;,&quot;size&quot;:&quot;&quot;,&quot;sizes&quot;:[]},&quot;_transform_scale_effect_hover_tablet&quot;:{&quot;unit&quot;:&quot;px&quot;,&quot;size&quot;:&quot;&quot;,&quot;sizes&quot;:[]},&quot;_transform_scale_effect_hover_mobile&quot;:{&quot;unit&quot;:&quot;px&quot;,&quot;size&quot;:&quot;&quot;,&quot;sizes&quot;:[]}}\" data-widget_type=\"text-editor.default\">\n\t\t\t\t<div class=\"elementor-widget-container\">\n\t\t\t\t\t\t\t\t\t<h3 style=\"text-align: center;\"><span style=\"color: #ffffff;\"><a style=\"color: #ffffff;\" href=\"https:\/\/website.rgconseils.fr\/rj174406-ovh\/contact\/\" target=\"_blank\" rel=\"noopener\">Postuler \u00e0 l&rsquo;offre<\/a><\/span><\/h3>\t\t\t\t\t\t\t\t<\/div>\n\t\t\t\t<\/div>\n\t\t\t\t\t<\/div>\n\t\t<\/div>\n\t\t\t\t\t<\/div>\n\t\t<\/section>\n\t\t\t\t<section class=\"elementor-section elementor-top-section elementor-element elementor-element-b622e7c elementor-section-boxed elementor-section-height-default elementor-section-height-default\" data-id=\"b622e7c\" data-element_type=\"section\">\n\t\t\t\t\t\t<div class=\"elementor-container elementor-column-gap-default\">\n\t\t\t\t\t<div class=\"elementor-column elementor-col-100 elementor-top-column elementor-element elementor-element-bea402f\" data-id=\"bea402f\" data-element_type=\"column\">\n\t\t\t<div class=\"elementor-widget-wrap elementor-element-populated\">\n\t\t\t\t\t\t<div class=\"elementor-element elementor-element-dc7bd97 elementor-widget elementor-widget-spacer\" data-id=\"dc7bd97\" data-element_type=\"widget\" data-widget_type=\"spacer.default\">\n\t\t\t\t<div class=\"elementor-widget-container\">\n\t\t\t\t\t\t\t<div class=\"elementor-spacer\">\n\t\t\t<div class=\"elementor-spacer-inner\"><\/div>\n\t\t<\/div>\n\t\t\t\t\t\t<\/div>\n\t\t\t\t<\/div>\n\t\t\t\t\t<\/div>\n\t\t<\/div>\n\t\t\t\t\t<\/div>\n\t\t<\/section>\n\t\t\t\t<section class=\"elementor-section elementor-top-section elementor-element elementor-element-0b3dc64 elementor-section-boxed elementor-section-height-default elementor-section-height-default\" data-id=\"0b3dc64\" data-element_type=\"section\">\n\t\t\t\t\t\t<div class=\"elementor-container elementor-column-gap-default\">\n\t\t\t\t\t<div class=\"elementor-column elementor-col-33 elementor-top-column elementor-element elementor-element-7fada6c\" data-id=\"7fada6c\" data-element_type=\"column\">\n\t\t\t<div class=\"elementor-widget-wrap\">\n\t\t\t\t\t\t\t<\/div>\n\t\t<\/div>\n\t\t\t\t<div class=\"elementor-column elementor-col-33 elementor-top-column elementor-element elementor-element-6238692\" data-id=\"6238692\" data-element_type=\"column\" data-settings=\"{&quot;background_background&quot;:&quot;classic&quot;}\">\n\t\t\t<div class=\"elementor-widget-wrap elementor-element-populated\">\n\t\t\t\t\t\t<div class=\"elementor-element elementor-element-db3bff7 elementor-widget elementor-widget-heading\" data-id=\"db3bff7\" data-element_type=\"widget\" data-widget_type=\"heading.default\">\n\t\t\t\t<div class=\"elementor-widget-container\">\n\t\t\t\t\t<h2 class=\"elementor-heading-title elementor-size-default\">COLLABORATEUR COMPTABLE F\/H<\/h2>\t\t\t\t<\/div>\n\t\t\t\t<\/div>\n\t\t\t\t<div class=\"elementor-element elementor-element-517cebd elementor-widget__width-initial elementor-widget elementor-widget-text-editor\" data-id=\"517cebd\" data-element_type=\"widget\" data-widget_type=\"text-editor.default\">\n\t\t\t\t<div class=\"elementor-widget-container\">\n\t\t\t\t\t\t\t\t\t<h3><span style=\"margin: 0px; outline: none; font-weight: bold; min-height: 55px; padding-bottom: 25px; display: block; color: #717070; font-family: 'Open Sans', sans-serif; text-align: center; font-size: 22.5px !important;\">CDI<\/span><span style=\"margin: 0px; outline: none; font-weight: bold; min-height: 55px; padding-bottom: 25px; display: block; color: #717070; font-family: 'Open Sans', sans-serif; text-align: center; font-size: 22.5px !important;\">Collaborateur(trice) confirm\u00e9(e)<\/span><\/h3><h3 style=\"margin: 0cm; text-align: center;\"><span style=\"font-family: Arial, sans-serif; color: #808080;\">De formation Bac+2\/3 dans le domaine de la comptabilit\u00e9 \/ gestion de la paie et justifiant d&rsquo;une exp\u00e9rience d&rsquo;au moins 2 ans en cabinet d&rsquo;expertise-comptable. Vous avez des connaissances pratiques en l\u00e9gislation sociale qui vont permettront d&rsquo;\u00eatre rapidement op\u00e9rationnel(le).<\/span><\/h3><h3 style=\"margin: 0cm; text-align: center;\"><span style=\"font-family: Arial, sans-serif; color: #808080;\">\u00a0<\/span><span style=\"color: #808080;\">Ce poste est \u00e9volutif.<\/span><\/h3><h3 style=\"margin: 0cm; text-align: center;\"><span style=\"margin: 0px; outline: none; font-weight: bold; min-height: 55px; padding-bottom: 25px; display: block; color: #717070; font-family: 'Open Sans', sans-serif; text-align: center; font-size: 22.5px !important;\">Nevers (58)<\/span><\/h3><p style=\"text-align: center;\">R\u00e9f\u00e9rence de l&rsquo;offre \u00e0 rappeler : 20231003CC<\/p>\t\t\t\t\t\t\t\t<\/div>\n\t\t\t\t<\/div>\n\t\t\t\t<div class=\"elementor-element elementor-element-48eb3f8 e-transform e-transform elementor-widget elementor-widget-text-editor\" data-id=\"48eb3f8\" data-element_type=\"widget\" data-settings=\"{&quot;_transform_scale_effect_hover&quot;:{&quot;unit&quot;:&quot;px&quot;,&quot;size&quot;:1.2,&quot;sizes&quot;:[]},&quot;_transform_rotateZ_effect_hover&quot;:{&quot;unit&quot;:&quot;px&quot;,&quot;size&quot;:&quot;&quot;,&quot;sizes&quot;:[]},&quot;_transform_rotateZ_effect_hover_tablet&quot;:{&quot;unit&quot;:&quot;deg&quot;,&quot;size&quot;:&quot;&quot;,&quot;sizes&quot;:[]},&quot;_transform_rotateZ_effect_hover_mobile&quot;:{&quot;unit&quot;:&quot;deg&quot;,&quot;size&quot;:&quot;&quot;,&quot;sizes&quot;:[]},&quot;_transform_scale_effect_hover_tablet&quot;:{&quot;unit&quot;:&quot;px&quot;,&quot;size&quot;:&quot;&quot;,&quot;sizes&quot;:[]},&quot;_transform_scale_effect_hover_mobile&quot;:{&quot;unit&quot;:&quot;px&quot;,&quot;size&quot;:&quot;&quot;,&quot;sizes&quot;:[]}}\" data-widget_type=\"text-editor.default\">\n\t\t\t\t<div class=\"elementor-widget-container\">\n\t\t\t\t\t\t\t\t\t<h3 style=\"text-align: center;\"><span style=\"color: #ffffff;\"><a style=\"color: #ffffff;\" href=\"https:\/\/website.rgconseils.fr\/rj174406-ovh\/contact\/\" target=\"_blank\" rel=\"noopener\">Postuler \u00e0 l&rsquo;offre<\/a><\/span><\/h3>\t\t\t\t\t\t\t\t<\/div>\n\t\t\t\t<\/div>\n\t\t\t\t\t<\/div>\n\t\t<\/div>\n\t\t\t\t<div class=\"elementor-column elementor-col-33 elementor-top-column elementor-element elementor-element-ec3bd0e\" data-id=\"ec3bd0e\" data-element_type=\"column\">\n\t\t\t<div class=\"elementor-widget-wrap\">\n\t\t\t\t\t\t\t<\/div>\n\t\t<\/div>\n\t\t\t\t\t<\/div>\n\t\t<\/section>\n\t\t\t\t<section class=\"elementor-section elementor-top-section elementor-element elementor-element-265355d elementor-section-boxed elementor-section-height-default elementor-section-height-default\" data-id=\"265355d\" data-element_type=\"section\">\n\t\t\t\t\t\t<div class=\"elementor-container elementor-column-gap-default\">\n\t\t\t\t\t<div class=\"elementor-column elementor-col-100 elementor-top-column elementor-element elementor-element-00dfd4a\" data-id=\"00dfd4a\" data-element_type=\"column\">\n\t\t\t<div class=\"elementor-widget-wrap elementor-element-populated\">\n\t\t\t\t\t\t<div class=\"elementor-element elementor-element-b149231 elementor-widget elementor-widget-spacer\" data-id=\"b149231\" data-element_type=\"widget\" data-widget_type=\"spacer.default\">\n\t\t\t\t<div class=\"elementor-widget-container\">\n\t\t\t\t\t\t\t<div class=\"elementor-spacer\">\n\t\t\t<div class=\"elementor-spacer-inner\"><\/div>\n\t\t<\/div>\n\t\t\t\t\t\t<\/div>\n\t\t\t\t<\/div>\n\t\t\t\t\t<\/div>\n\t\t<\/div>\n\t\t\t\t\t<\/div>\n\t\t<\/section>\n\t\t\t\t<\/div>\n\t\t","protected":false},"excerpt":{"rendered":"<p>COLLABORATEUR COMPTABLE F\/H CDICollaborateur(trice) confirm\u00e9(e) Titulaire d&rsquo;un dipl\u00f4me de comptabilit\u00e9 de niveau Bac+2 (BTS, DUT, DECF, DCG) minimum et justifiant d&rsquo;une solide exp\u00e9rience en cabinet d&rsquo;expertise-comptable, \u00e0 qui sera confi\u00e9(e) la gestion autonome d&rsquo;un portefeuille de clients de type TPE\/PME. \u00a0Ce poste est \u00e9volutif. Nevers (58) R\u00e9f\u00e9rence de l&rsquo;offre \u00e0 rappeler : 20231003AA Postuler \u00e0 &hellip; <\/p>\n<p class=\"link-more\"><a href=\"https:\/\/website.rgconseils.fr\/rj174406-ovh\/carrieres\/\" class=\"more-link\">Lire la suite de<span class=\"screen-reader-text\">\u00ab\u00a0Carri\u00e8res\u00a0\u00bb<\/span><\/a><\/p>\n","protected":false},"author":1,"featured_media":0,"parent":0,"menu_order":0,"comment_status":"closed","ping_status":"closed","template":"","meta":{"footnotes":""},"class_list":["post-65","page","type-page","status-publish","hentry"],"yoast_head":"<!-- This site is optimized with the Yoast SEO plugin v24.6 - https:\/\/yoast.com\/wordpress\/plugins\/seo\/ -->\n<title>Carri\u00e8res - Expertise comptable et Commissariat aux comptes<\/title>\n<meta name=\"description\" content=\"Cabinets d&#039;expertise comptable et de commissariat aux comptes bas\u00e9s \u00e0 Nevers et \u00e0 Corbigny. Prestations sur l&#039;ensemble du territoire fran\u00e7ais.\" \/>\n<meta name=\"robots\" content=\"index, follow, max-snippet:-1, max-image-preview:large, max-video-preview:-1\" \/>\n<link rel=\"canonical\" href=\"https:\/\/website.rgconseils.fr\/rj174406-ovh\/carrieres\/\" \/>\n<meta property=\"og:locale\" content=\"fr_FR\" \/>\n<meta property=\"og:type\" content=\"article\" \/>\n<meta property=\"og:title\" content=\"Carri\u00e8res - Expertise comptable et Commissariat aux comptes\" \/>\n<meta property=\"og:description\" content=\"Cabinets d&#039;expertise comptable et de commissariat aux comptes bas\u00e9s \u00e0 Nevers et \u00e0 Corbigny. Prestations sur l&#039;ensemble du territoire fran\u00e7ais.\" \/>\n<meta property=\"og:url\" content=\"https:\/\/website.rgconseils.fr\/rj174406-ovh\/carrieres\/\" \/>\n<meta property=\"og:site_name\" content=\"Expertise comptable et Commissariat aux comptes\" \/>\n<meta property=\"article:modified_time\" content=\"2023-10-04T13:10:12+00:00\" \/>\n<meta name=\"twitter:card\" content=\"summary_large_image\" \/>\n<meta name=\"twitter:label1\" content=\"Dur\u00e9e de lecture estim\u00e9e\" \/>\n\t<meta name=\"twitter:data1\" content=\"1 minute\" \/>\n<script type=\"application\/ld+json\" class=\"yoast-schema-graph\">{\"@context\":\"https:\/\/schema.org\",\"@graph\":[{\"@type\":\"WebPage\",\"@id\":\"https:\/\/website.rgconseils.fr\/rj174406-ovh\/carrieres\/\",\"url\":\"https:\/\/website.rgconseils.fr\/rj174406-ovh\/carrieres\/\",\"name\":\"Carri\u00e8res - Expertise comptable et Commissariat aux comptes\",\"isPartOf\":{\"@id\":\"https:\/\/website.rgconseils.fr\/rj174406-ovh\/#website\"},\"datePublished\":\"2023-08-02T09:13:50+00:00\",\"dateModified\":\"2023-10-04T13:10:12+00:00\",\"description\":\"Cabinets d'expertise comptable et de commissariat aux comptes bas\u00e9s \u00e0 Nevers et \u00e0 Corbigny. Prestations sur l'ensemble du territoire fran\u00e7ais.\",\"breadcrumb\":{\"@id\":\"https:\/\/website.rgconseils.fr\/rj174406-ovh\/carrieres\/#breadcrumb\"},\"inLanguage\":\"fr-FR\",\"potentialAction\":[{\"@type\":\"ReadAction\",\"target\":[\"https:\/\/website.rgconseils.fr\/rj174406-ovh\/carrieres\/\"]}]},{\"@type\":\"BreadcrumbList\",\"@id\":\"https:\/\/website.rgconseils.fr\/rj174406-ovh\/carrieres\/#breadcrumb\",\"itemListElement\":[{\"@type\":\"ListItem\",\"position\":1,\"name\":\"Accueil\",\"item\":\"https:\/\/website.rgconseils.fr\/rj174406-ovh\/\"},{\"@type\":\"ListItem\",\"position\":2,\"name\":\"Carri\u00e8res\"}]},{\"@type\":\"WebSite\",\"@id\":\"https:\/\/website.rgconseils.fr\/rj174406-ovh\/#website\",\"url\":\"https:\/\/website.rgconseils.fr\/rj174406-ovh\/\",\"name\":\"Expertise comptable et Commissariat aux comptes\",\"description\":\"Notre expertise votre r\u00e9ussite\",\"publisher\":{\"@id\":\"https:\/\/website.rgconseils.fr\/rj174406-ovh\/#organization\"},\"potentialAction\":[{\"@type\":\"SearchAction\",\"target\":{\"@type\":\"EntryPoint\",\"urlTemplate\":\"https:\/\/website.rgconseils.fr\/rj174406-ovh\/?s={search_term_string}\"},\"query-input\":{\"@type\":\"PropertyValueSpecification\",\"valueRequired\":true,\"valueName\":\"search_term_string\"}}],\"inLanguage\":\"fr-FR\"},{\"@type\":\"Organization\",\"@id\":\"https:\/\/website.rgconseils.fr\/rj174406-ovh\/#organization\",\"name\":\"Rg Conseils\",\"alternateName\":\"Expertise comptable et commissariat aux comptes\",\"url\":\"https:\/\/website.rgconseils.fr\/rj174406-ovh\/\",\"logo\":{\"@type\":\"ImageObject\",\"inLanguage\":\"fr-FR\",\"@id\":\"https:\/\/website.rgconseils.fr\/rj174406-ovh\/#\/schema\/logo\/image\/\",\"url\":\"https:\/\/website.rgconseils.fr\/rj174406-ovh\/wp-content\/uploads\/2023\/07\/Logo-RG-Conseils-fond-blanc.jpg\",\"contentUrl\":\"https:\/\/website.rgconseils.fr\/rj174406-ovh\/wp-content\/uploads\/2023\/07\/Logo-RG-Conseils-fond-blanc.jpg\",\"width\":1226,\"height\":1454,\"caption\":\"Rg Conseils\"},\"image\":{\"@id\":\"https:\/\/website.rgconseils.fr\/rj174406-ovh\/#\/schema\/logo\/image\/\"}}]}<\/script>\n<!-- \/ Yoast SEO plugin. -->","yoast_head_json":{"title":"Carri\u00e8res - Expertise comptable et Commissariat aux comptes","description":"Cabinets d'expertise comptable et de commissariat aux comptes bas\u00e9s \u00e0 Nevers et \u00e0 Corbigny. Prestations sur l'ensemble du territoire fran\u00e7ais.","robots":{"index":"index","follow":"follow","max-snippet":"max-snippet:-1","max-image-preview":"max-image-preview:large","max-video-preview":"max-video-preview:-1"},"canonical":"https:\/\/website.rgconseils.fr\/rj174406-ovh\/carrieres\/","og_locale":"fr_FR","og_type":"article","og_title":"Carri\u00e8res - Expertise comptable et Commissariat aux comptes","og_description":"Cabinets d'expertise comptable et de commissariat aux comptes bas\u00e9s \u00e0 Nevers et \u00e0 Corbigny. Prestations sur l'ensemble du territoire fran\u00e7ais.","og_url":"https:\/\/website.rgconseils.fr\/rj174406-ovh\/carrieres\/","og_site_name":"Expertise comptable et Commissariat aux comptes","article_modified_time":"2023-10-04T13:10:12+00:00","twitter_card":"summary_large_image","twitter_misc":{"Dur\u00e9e de lecture estim\u00e9e":"1 minute"},"schema":{"@context":"https:\/\/schema.org","@graph":[{"@type":"WebPage","@id":"https:\/\/website.rgconseils.fr\/rj174406-ovh\/carrieres\/","url":"https:\/\/website.rgconseils.fr\/rj174406-ovh\/carrieres\/","name":"Carri\u00e8res - Expertise comptable et Commissariat aux comptes","isPartOf":{"@id":"https:\/\/website.rgconseils.fr\/rj174406-ovh\/#website"},"datePublished":"2023-08-02T09:13:50+00:00","dateModified":"2023-10-04T13:10:12+00:00","description":"Cabinets d'expertise comptable et de commissariat aux comptes bas\u00e9s \u00e0 Nevers et \u00e0 Corbigny. Prestations sur l'ensemble du territoire fran\u00e7ais.","breadcrumb":{"@id":"https:\/\/website.rgconseils.fr\/rj174406-ovh\/carrieres\/#breadcrumb"},"inLanguage":"fr-FR","potentialAction":[{"@type":"ReadAction","target":["https:\/\/website.rgconseils.fr\/rj174406-ovh\/carrieres\/"]}]},{"@type":"BreadcrumbList","@id":"https:\/\/website.rgconseils.fr\/rj174406-ovh\/carrieres\/#breadcrumb","itemListElement":[{"@type":"ListItem","position":1,"name":"Accueil","item":"https:\/\/website.rgconseils.fr\/rj174406-ovh\/"},{"@type":"ListItem","position":2,"name":"Carri\u00e8res"}]},{"@type":"WebSite","@id":"https:\/\/website.rgconseils.fr\/rj174406-ovh\/#website","url":"https:\/\/website.rgconseils.fr\/rj174406-ovh\/","name":"Expertise comptable et Commissariat aux comptes","description":"Notre expertise votre r\u00e9ussite","publisher":{"@id":"https:\/\/website.rgconseils.fr\/rj174406-ovh\/#organization"},"potentialAction":[{"@type":"SearchAction","target":{"@type":"EntryPoint","urlTemplate":"https:\/\/website.rgconseils.fr\/rj174406-ovh\/?s={search_term_string}"},"query-input":{"@type":"PropertyValueSpecification","valueRequired":true,"valueName":"search_term_string"}}],"inLanguage":"fr-FR"},{"@type":"Organization","@id":"https:\/\/website.rgconseils.fr\/rj174406-ovh\/#organization","name":"Rg Conseils","alternateName":"Expertise comptable et commissariat aux comptes","url":"https:\/\/website.rgconseils.fr\/rj174406-ovh\/","logo":{"@type":"ImageObject","inLanguage":"fr-FR","@id":"https:\/\/website.rgconseils.fr\/rj174406-ovh\/#\/schema\/logo\/image\/","url":"https:\/\/website.rgconseils.fr\/rj174406-ovh\/wp-content\/uploads\/2023\/07\/Logo-RG-Conseils-fond-blanc.jpg","contentUrl":"https:\/\/website.rgconseils.fr\/rj174406-ovh\/wp-content\/uploads\/2023\/07\/Logo-RG-Conseils-fond-blanc.jpg","width":1226,"height":1454,"caption":"Rg Conseils"},"image":{"@id":"https:\/\/website.rgconseils.fr\/rj174406-ovh\/#\/schema\/logo\/image\/"}}]}},"_links":{"self":[{"href":"https:\/\/website.rgconseils.fr\/rj174406-ovh\/wp-json\/wp\/v2\/pages\/65","targetHints":{"allow":["GET"]}}],"collection":[{"href":"https:\/\/website.rgconseils.fr\/rj174406-ovh\/wp-json\/wp\/v2\/pages"}],"about":[{"href":"https:\/\/website.rgconseils.fr\/rj174406-ovh\/wp-json\/wp\/v2\/types\/page"}],"author":[{"embeddable":true,"href":"https:\/\/website.rgconseils.fr\/rj174406-ovh\/wp-json\/wp\/v2\/users\/1"}],"replies":[{"embeddable":true,"href":"https:\/\/website.rgconseils.fr\/rj174406-ovh\/wp-json\/wp\/v2\/comments?post=65"}],"version-history":[{"count":25,"href":"https:\/\/website.rgconseils.fr\/rj174406-ovh\/wp-json\/wp\/v2\/pages\/65\/revisions"}],"predecessor-version":[{"id":779,"href":"https:\/\/website.rgconseils.fr\/rj174406-ovh\/wp-json\/wp\/v2\/pages\/65\/revisions\/779"}],"wp:attachment":[{"href":"https:\/\/website.rgconseils.fr\/rj174406-ovh\/wp-json\/wp\/v2\/media?parent=65"}],"curies":[{"name":"wp","href":"https:\/\/api.w.org\/{rel}","templated":true}]}}